{"id":42797,"date":"2025-06-18T20:17:19","date_gmt":"2025-06-18T20:17:19","guid":{"rendered":"https:\/\/fondationruisseaubouchard.org\/resources\/"},"modified":"2026-02-24T16:00:40","modified_gmt":"2026-02-24T16:00:40","slug":"ressources","status":"publish","type":"page","link":"https:\/\/fondationruisseaubouchard.org\/fr\/ressources\/","title":{"rendered":"Ressources"},"content":{"rendered":"\t\t<div data-elementor-type=\"wp-page\" data-elementor-id=\"42797\" class=\"elementor elementor-42797 elementor-717\" data-elementor-post-type=\"page\">\n\t\t\t\t<div class=\"elementor-element elementor-element-44451cc e-flex e-con-boxed e-con e-parent\" data-id=\"44451cc\" data-element_type=\"container\" data-e-type=\"container\">\n\t\t\t\t\t<div class=\"e-con-inner\">\n\t\t\t\t<div class=\"elementor-element elementor-element-f0fe04b elementor-widget elementor-widget-heading\" data-id=\"f0fe04b\" data-element_type=\"widget\" data-e-type=\"widget\" data-widget_type=\"heading.default\">\n\t\t\t\t\t<h2 class=\"elementor-heading-title elementor-size-default\">Toutes les ressources<\/h2>\t\t\t\t<\/div>\n\t\t<div class=\"elementor-element elementor-element-4dfb8dd e-con-full e-flex e-con e-child\" data-id=\"4dfb8dd\" data-element_type=\"container\" data-e-type=\"container\">\n\t\t<div class=\"elementor-element elementor-element-780e18c e-con-full e-flex e-con e-child\" data-id=\"780e18c\" data-element_type=\"container\" data-e-type=\"container\">\n\t\t\t\t<div class=\"elementor-element elementor-element-1949c25 elementor-widget__width-initial elementor-widget-laptop__width-initial elementor-widget-tablet_extra__width-initial elementor-widget-tablet__width-initial elementor-widget elementor-widget-text-editor\" data-id=\"1949c25\" data-element_type=\"widget\" data-e-type=\"widget\" data-widget_type=\"text-editor.default\">\n\t\t\t\t\t\t\t\t\t<p>Afin de faciliter la reproductibilit\u00e9 et la diffusion du projet, nous mettons \u00e0 disposition tous les artefacts pertinents que nous avons acquis ou cr\u00e9\u00e9s et qui pourraient \u00eatre utiles \u00e0 d&rsquo;autres : propri\u00e9taires fonciers, entreprises, \u00e9coles ou organisations \u00e0 but non lucratif.<\/p>\t\t\t\t\t\t\t\t<\/div>\n\t\t\t\t<\/div>\n\t\t\t\t<div class=\"elementor-element elementor-element-088804c elementor-widget elementor-widget-image\" data-id=\"088804c\" data-element_type=\"widget\" data-e-type=\"widget\" data-widget_type=\"image.default\">\n\t\t\t\t\t\t\t\t\t\t\t\t\t\t\t<img fetchpriority=\"high\" decoding=\"async\" width=\"600\" height=\"540\" src=\"https:\/\/fondationruisseaubouchard.org\/wp-content\/uploads\/2025\/11\/FRB-Feuille-de-Route-1.jpg\" class=\"attachment-full size-full wp-image-41885\" alt=\"\" srcset=\"https:\/\/fondationruisseaubouchard.org\/wp-content\/uploads\/2025\/11\/FRB-Feuille-de-Route-1.jpg 600w, https:\/\/fondationruisseaubouchard.org\/wp-content\/uploads\/2025\/11\/FRB-Feuille-de-Route-1-300x270.jpg 300w\" sizes=\"(max-width: 600px) 100vw, 600px\" \/>\t\t\t\t\t\t\t\t\t\t\t\t\t\t\t<\/div>\n\t\t\t\t<\/div>\n\t\t\t\t\t<\/div>\n\t\t\t\t<\/div>\n\t\t<div class=\"elementor-element elementor-element-c81b024 e-flex e-con-boxed e-con e-parent\" data-id=\"c81b024\" data-element_type=\"container\" data-e-type=\"container\">\n\t\t\t\t\t<div class=\"e-con-inner\">\n\t\t\t\t<div class=\"elementor-element elementor-element-14b0cfc elementor-widget elementor-widget-text-editor\" data-id=\"14b0cfc\" data-element_type=\"widget\" data-e-type=\"widget\" data-widget_type=\"text-editor.default\">\n\t\t\t\t\t\t\t\t\t<p><div class=\"w3eden light-mode\">\n    <div class=\"card wpdmap-header-card\" >\n        <div class=\"card-body\">\n            <form id=\"srcp\" style=\"margin-bottom: 10px\">\n    <div class=\"row\">\n        <input type=\"hidden\" name=\"category\" id=\"initc\" value=\"0\" \/>\n        <div class=\"col-md-6\">\n            <label for=\"src\">Rechercher:<\/label>\n            <div class=\"input-group input-src\">\n                <input type=\"text\" class=\"form-control\" name=\"src\" placeholder=\"Rechercher\" id=\"src\">\n                <div class=\"input-group-append input-group-btn\">\n                    <button class=\"btn\" type=\"submit\"><i class=\"fas fa-search\"><\/i><\/button>\n                <\/div>\n            <\/div>\n        <\/div>\n\n\n\n        <div class=\"col-md-3\">\n            <label for=\"orderby\">Trier par :<\/label>\n                <select name=\"orderby\" id=\"orderby\" class=\"form-control wpdm-custom-select\">\n                    <option value=\"date\" >Date de publication<\/option>\n                    <option value=\"title\"  selected='selected'>Titre<\/option>\n                    <option value=\"modified\" >Derni\u00e8re mise \u00e0 jour<\/option>\n                    <option value=\"view_count\" >Nombre de vues<\/option>\n                    <option value=\"download_count\" >Nombre de t\u00e9l\u00e9chargements<\/option>\n                    <option value=\"package_size_b\" >Taille du paquet<\/option>\n            <\/select>\n            <\/div>\n        <div class=\"col-md-3\">\n            <label for=\"order\">Trier:<\/label>\n            <select name=\"order\" id=\"order\" class=\"form-control wpdm-custom-select\">\n                <option value=\"DESC\">Ordre d\u00e9croissant<\/option>\n                <option value=\"ASC\"  selected='selected'>Ordre croissant<\/option>\n            <\/select>\n        <\/div>\n\n    <\/div>\n<\/form>\n        <\/div>\n        <div class=\"card-footer\">\n            <div class=\"text-right\">\n    <a href=\"#\" id=\"reset-filter\" style=\"font-size: 14px;line-height: 28px;font-weight: bold;letter-spacing: 0.5px;\"><i class=\"mr-2 fa fa-sync\"><\/i>R\u00e9initialiser le filtre<\/a>\n\n<\/div>        <\/div>\n    <\/div>\n    <div class=\"row\">\n                    <div class=\"col-md-3 wpdmap-filter-sidebar\">\n                <div class=\"card wpdmap-card-filter mb-3\">\n    <div class=\"card-header\">\n        Cat\u00e9gories    <\/div>\n    <div class=\"card-header p-1 filter-header\"><input placeholder=\"Rechercher...\" type=\"search\" class=\"form-control form-control-sm input-sm\" id=\"cat_src\" \/><\/div>\n    <div class=\"card-body cat-card\">\n            <ul class='ptypes m-0 p-0' id='wpdmcat-tree'>            <li class=\"\">\n                <label><input type=\"checkbox\"                               name=\"cats[]\"\n                              class=\"\"\n                              value=\"200bouchard\"> 200 Av. Bouchard <\/label>\n                            <\/li>\n                        <li class=\"\">\n                <label><input type=\"checkbox\"                               name=\"cats[]\"\n                              class=\"\"\n                              value=\"businesses\"> Businesses <\/label>\n                            <\/li>\n                        <li class=\"\">\n                <label><input type=\"checkbox\"                               name=\"cats[]\"\n                              class=\"\"\n                              value=\"citizens\"> Citizens <\/label>\n                            <\/li>\n                        <li class=\"\">\n                <label><input type=\"checkbox\"                               name=\"cats[]\"\n                              class=\"\"\n                              value=\"data\"> Data <\/label>\n                            <\/li>\n                        <li class=\"\">\n                <label><input type=\"checkbox\"                               name=\"cats[]\"\n                              class=\"\"\n                              value=\"elementary\"> Elementary <\/label>\n                            <\/li>\n                        <li class=\"\">\n                <label><input type=\"checkbox\"                               name=\"cats[]\"\n                              class=\"\"\n                              value=\"gis-digitaltwin\"> GIS\/Digital Twin <\/label>\n                            <\/li>\n                        <li class=\"\">\n                <label><input type=\"checkbox\"                               name=\"cats[]\"\n                              class=\"\"\n                              value=\"not-for-profits\"> Not-For-Profits <\/label>\n                            <\/li>\n                        <li class=\"\">\n                <label><input type=\"checkbox\"                               name=\"cats[]\"\n                              class=\"\"\n                              value=\"proprietaires\"> Propri\u00e9taires <\/label>\n                            <\/li>\n                        <li class=\"\">\n                <label><input type=\"checkbox\"                               name=\"cats[]\"\n                              class=\"\"\n                              value=\"reports\"> Reports <\/label>\n                            <\/li>\n                        <li class=\"\">\n                <label><input type=\"checkbox\"                               name=\"cats[]\"\n                              class=\"\"\n                              value=\"schools\"> Schools <\/label>\n                            <\/li>\n                        <li class=\"\">\n                <label><input type=\"checkbox\"                               name=\"cats[]\"\n                              class=\"\"\n                              value=\"secondary\"> Secondary <\/label>\n                            <\/li>\n            <\/ul>    <\/div>\n    <div class=\"card-footer\">\n        Match <label class=\"mr-3 ml-3\"><input type=\"radio\" value=\"IN\" class=\"operator\" name=\"operator\">Tout <\/label><label><input type=\"radio\" class=\"operator\" value=\"AND\" name=\"operator\">Tous<\/label>\n    <\/div>\n<\/div>\n<div class=\"card wpdmap-card-filter mb-3\">\n    <div class=\"card-header\">\n        <label class=\"d-block\">\n            <span class=\"float-right pull-right\"><input id=\"dates_filter\" type=\"checkbox\"><\/span>\n            Filtrer la p\u00e9riode        <\/label>\n    <\/div>\n    <div class=\"card-body\">\n        <div class=\"form-group m-0\">\n            <label class=\"mr-3\"><input checked=\"checked\" class=\"dates_column\" type=\"radio\" name=\"date\" value=\"publish\"> Publi\u00e9<\/label>\n            <label><input type=\"radio\" class=\"dates_column\" name=\"date\" value=\"update\"> Mis \u00e0 jour<\/label>\n        <\/div>\n        <input class=\"form-control\" id=\"dates\" type=\"text\" name=\"dates\" \/>\n    <\/div>\n<\/div>\n<div class=\"card wpdmap-card-filter mb-3\">\n    <div class=\"card-header\">\n        \u00c9tiquettes    <\/div>\n    <div class=\"card-header p-1 filter-header\"><input placeholder=\"Rechercher...\" type=\"search\" class=\"form-control form-control-sm  input-sm\" id=\"tag_src\" \/><\/div>\n    <div class=\"card-body tag-card\">\n        <ul  id=\"wpdm-tags\">\n                    <\/ul>\n    <\/div>\n<\/div>\n\n<!-- div class=\"card wpdmap-card-filter mb-3\">\n    <div class=\"card-header\">\n        Nombre de t\u00e9l\u00e9chargements [ >= ]\n    <\/div>\n    <div class=\"card-body\">\n        <input type=\"range\" class=\"form-control\" name=\"download_count\" \/>\n    <\/div>\n<\/div>\n<div class=\"card wpdmap-card-filter mb-3\">\n    <div class=\"card-header\">\n        Nombre de vues [ >= ]\n    <\/div>\n    <div class=\"card-body\">\n        <input type=\"range\" class=\"form-control\" name=\"view_count\" \/>\n    <\/div>\n<\/div -->\n<script type=\"text\/javascript\" src=\"https:\/\/cdn.jsdelivr.net\/momentjs\/latest\/moment.min.js\"><\/script>\n<script type=\"text\/javascript\" src=\"https:\/\/cdn.jsdelivr.net\/npm\/daterangepicker\/daterangepicker.min.js\"><\/script>\n<link rel=\"stylesheet\" type=\"text\/css\" href=\"https:\/\/cdn.jsdelivr.net\/npm\/daterangepicker\/daterangepicker.css\" \/>\n<script>\n    var wpdmap_sdate = moment(\"2025-09-07 21:38:38\").format(\"YYYY-MM-DD\"), wpdmap_edate = moment(\"2026-04-21\").format(\"YYYY-MM-DD\");\n    jQuery(function ($){\n        $('.wpdmap-filter-sidebar input[name=\"dates\"]').daterangepicker(\n            {\n                opens: 'right',\n                startDate: moment(\"2025-09-07 21:38:38\"),\n                endDate: moment(\"2026-04-21\"),\n                locale: {\n                    format: 'DD\/MM\/YYYY'\n                },\n                ranges: {\n                    'Today': [moment(), moment()],\n                    'Yesterday': [moment().subtract(1, 'days'), moment().subtract(1, 'days')],\n                    'Last 7 Days': [moment().subtract(6, 'days'), moment()],\n                    'Last 30 Days': [moment().subtract(29, 'days'), moment()],\n                    'This Month': [moment().startOf('month'), moment().endOf('month')],\n                    'Last Month': [moment().subtract(1, 'month').startOf('month'), moment().subtract(1, 'month').endOf('month')]\n                }\n            }\n        );\n\n    });\n<\/script>\n            <\/div>\n                <div class=\"col-md-9\">\n            <div class='wpdm-downloads' id='wpdm-downloads'>\n\n    <div class=\"card\">\n        <div class=\"card-body text-center p-5\">\n            Select Category or search&#8230;        <\/div>\n\n    <\/div>\n\n<\/div>\n        <\/div>\n        \n    <\/div>\n\n<\/div>\n\n<script>\n    var wpdmap_params = 'OwUZ9l7aWmbg2MANhTKLJCejgpsP-k-OW7JhG6aaODryMjZnJq6yQcbRDkOzOHJvHLfdHB7v08vnxKlJ6IEJqWa7lRnhQhkxBefl8NhA1p_RDh0nZ5AJa5H2VUpmmF0dOjvHnvWlClaPb5DgPDlGZ97NWpu_XeI-lNlw6Zphfha0c34zBApAGMu27R1YnRg5n';\n<\/script>\n<\/p>\t\t\t\t\t\t\t\t<\/div>\n\t\t\t\t\t<\/div>\n\t\t\t\t<\/div>\n\t\t\t\t<\/div>\n\t\t","protected":false},"excerpt":{"rendered":"<p>Toutes les ressources Afin de faciliter la reproductibilit\u00e9 et la diffusion du projet, nous mettons \u00e0 disposition tous les artefacts pertinents que nous avons acquis ou cr\u00e9\u00e9s et qui pourraient \u00eatre utiles \u00e0 d&rsquo;autres : propri\u00e9taires fonciers, entreprises, \u00e9coles ou organisations \u00e0 but non lucratif.<\/p>\n","protected":false},"author":1,"featured_media":731,"parent":0,"menu_order":0,"comment_status":"closed","ping_status":"closed","template":"","meta":{"footnotes":""},"class_list":["post-42797","page","type-page","status-publish","has-post-thumbnail","hentry"],"_links":{"self":[{"href":"https:\/\/fondationruisseaubouchard.org\/fr\/wp-json\/wp\/v2\/pages\/42797","targetHints":{"allow":["GET"]}}],"collection":[{"href":"https:\/\/fondationruisseaubouchard.org\/fr\/wp-json\/wp\/v2\/pages"}],"about":[{"href":"https:\/\/fondationruisseaubouchard.org\/fr\/wp-json\/wp\/v2\/types\/page"}],"author":[{"embeddable":true,"href":"https:\/\/fondationruisseaubouchard.org\/fr\/wp-json\/wp\/v2\/users\/1"}],"replies":[{"embeddable":true,"href":"https:\/\/fondationruisseaubouchard.org\/fr\/wp-json\/wp\/v2\/comments?post=42797"}],"version-history":[{"count":10,"href":"https:\/\/fondationruisseaubouchard.org\/fr\/wp-json\/wp\/v2\/pages\/42797\/revisions"}],"predecessor-version":[{"id":43854,"href":"https:\/\/fondationruisseaubouchard.org\/fr\/wp-json\/wp\/v2\/pages\/42797\/revisions\/43854"}],"wp:featuredmedia":[{"embeddable":true,"href":"https:\/\/fondationruisseaubouchard.org\/fr\/wp-json\/wp\/v2\/media\/731"}],"wp:attachment":[{"href":"https:\/\/fondationruisseaubouchard.org\/fr\/wp-json\/wp\/v2\/media?parent=42797"}],"curies":[{"name":"wp","href":"https:\/\/api.w.org\/{rel}","templated":true}]}}