{"id":42796,"date":"2025-06-18T18:09:22","date_gmt":"2025-06-18T18:09:22","guid":{"rendered":"https:\/\/fondationruisseaubouchard.org\/property-owners\/"},"modified":"2026-03-17T17:44:05","modified_gmt":"2026-03-17T17:44:05","slug":"proprietaires-fonciers","status":"publish","type":"page","link":"https:\/\/fondationruisseaubouchard.org\/fr\/proprietaires-fonciers\/","title":{"rendered":"Propri\u00e9taires fonciers"},"content":{"rendered":"\t\t<div data-elementor-type=\"wp-page\" data-elementor-id=\"42796\" class=\"elementor elementor-42796 elementor-576\" data-elementor-post-type=\"page\">\n\t\t\t\t<div class=\"elementor-element elementor-element-1e08742 e-flex e-con-boxed e-con e-parent\" data-id=\"1e08742\" data-element_type=\"container\" data-e-type=\"container\">\n\t\t\t\t\t<div class=\"e-con-inner\">\n\t\t\t\t<div class=\"elementor-element elementor-element-f23e4bc elementor-widget elementor-widget-heading\" data-id=\"f23e4bc\" data-element_type=\"widget\" data-e-type=\"widget\" data-widget_type=\"heading.default\">\n\t\t\t\t\t<h1 class=\"elementor-heading-title elementor-size-default\">Propri\u00e9taire foncier<\/h1>\t\t\t\t<\/div>\n\t\t<div class=\"elementor-element elementor-element-aa6cd43 e-con-full e-flex e-con e-child\" data-id=\"aa6cd43\" data-element_type=\"container\" data-e-type=\"container\">\n\t\t\t\t<div class=\"elementor-element elementor-element-af53a94 elementor-widget__width-initial elementor-widget-laptop__width-initial elementor-widget-tablet_extra__width-initial elementor-widget-tablet__width-initial elementor-widget elementor-widget-text-editor\" data-id=\"af53a94\" data-element_type=\"widget\" data-e-type=\"widget\" data-widget_type=\"text-editor.default\">\n\t\t\t\t\t\t\t\t\t<p>Les propri\u00e9taires r\u00e9sidentiels et commerciaux cherchent \u00e0 augmenter la valeur de leurs terrains tout en respectant les exigences environnementales, mais les informations n\u00e9cessaires sont souvent difficiles \u00e0 obtenir. Nous continuons d&rsquo;ajouter des ressources utiles pour les propri\u00e9taires locaux : guides, liens et autres supports. Cette communaut\u00e9 de propri\u00e9taires peut jouer un r\u00f4le direct dans les initiatives visant \u00e0 am\u00e9liorer l&rsquo;\u00e9cosyst\u00e8me du bassin versant et \u00e0 s&rsquo;adapter aux d\u00e9fis croissants li\u00e9s aux inondations et aux pr\u00e9cipitations intenses.<\/p>\t\t\t\t\t\t\t\t<\/div>\n\t\t\t\t<div class=\"elementor-element elementor-element-62b8473 elementor-widget elementor-widget-image\" data-id=\"62b8473\" data-element_type=\"widget\" data-e-type=\"widget\" data-widget_type=\"image.default\">\n\t\t\t\t\t\t\t\t\t\t\t\t\t\t\t<img fetchpriority=\"high\" decoding=\"async\" width=\"1024\" height=\"677\" src=\"https:\/\/fondationruisseaubouchard.org\/wp-content\/uploads\/2025\/11\/PXL_20250311_171048573.MP_-1024x677.jpg\" class=\"attachment-large size-large wp-image-41890\" alt=\"\" srcset=\"https:\/\/fondationruisseaubouchard.org\/wp-content\/uploads\/2025\/11\/PXL_20250311_171048573.MP_-1024x677.jpg 1024w, https:\/\/fondationruisseaubouchard.org\/wp-content\/uploads\/2025\/11\/PXL_20250311_171048573.MP_-300x198.jpg 300w, https:\/\/fondationruisseaubouchard.org\/wp-content\/uploads\/2025\/11\/PXL_20250311_171048573.MP_-768x507.jpg 768w, https:\/\/fondationruisseaubouchard.org\/wp-content\/uploads\/2025\/11\/PXL_20250311_171048573.MP_-1536x1015.jpg 1536w, https:\/\/fondationruisseaubouchard.org\/wp-content\/uploads\/2025\/11\/PXL_20250311_171048573.MP_-2048x1353.jpg 2048w\" sizes=\"(max-width: 1024px) 100vw, 1024px\" \/>\t\t\t\t\t\t\t\t\t\t\t\t\t\t\t<\/div>\n\t\t\t\t<\/div>\n\t\t\t\t\t<\/div>\n\t\t\t\t<\/div>\n\t\t<div class=\"elementor-element elementor-element-b57dc05 e-flex e-con-boxed e-con e-parent\" data-id=\"b57dc05\" data-element_type=\"container\" data-e-type=\"container\">\n\t\t\t\t\t<div class=\"e-con-inner\">\n\t\t\t\t<div class=\"elementor-element elementor-element-b841460 elementor-widget elementor-widget-text-editor\" data-id=\"b841460\" data-element_type=\"widget\" data-e-type=\"widget\" data-widget_type=\"text-editor.default\">\n\t\t\t\t\t\t\t\t\t<p><div class='w3eden wpdm_packages_shortcode'>\n    <div class=''>\n\n        \n        <div id=\"content_wpdm_package_1\">\n            <div class='row'><div class='col-lg-6 col-md-6 col-6'><div class=\"well c2a3\">\n    <div class=\"media\">\n        <div class=\"mr-3\" align=\"left\">\n            <img decoding=\"async\" class=\"wpdm_icon\" alt=\"Ic\u00f4ne\" src=\"https:\/\/fondationruisseaubouchard.org\/wp-content\/plugins\/download-manager\/assets\/file-type-icons\/pdf.svg\" \/>\n        <\/div>\n        <div class=\"media-body\">\n            <h3 class=\"media-heading\" style=\"padding-top: 0px;border:0px;margin: 0 0 5px 0;font-size:12pt;\">\n                  <a style=\"font-weight: 700\" href=\"https:\/\/fondationruisseaubouchard.org\/fr\/download\/ruisseau-molson\/\">Ruisseau Molson<\/a>\n                <span style=\"font-size:8pt;font-weight:300\" class=\"text-muted ml-4\">\n                    <i class=\"fas fa-hdd mr-1\"><\/i> 41.33 MB\n                    <i class=\"ml-3 far fa-arrow-alt-circle-down mr-1\"><\/i> 697 t\u00e9l\u00e9chargements\n                <\/span>\n            <\/h3>\n            <p>Le ruisseau Molson:<br \/>\n\u00c9laboration d\u2019une proposition d\u2019am\u00e9nagement participative<\/p>\n\n        <\/div>\n        <div class=\"ml-3\" align=\"right\">\n           <a href=\"https:\/\/fondationruisseaubouchard.org\/fr\/download\/ruisseau-molson\/\" class=\"frb-btn\">Afficher<\/a>\n        <\/div>\n    <\/div>\n\n<\/div>\n<style>\n.frb-btn{\n    font-weight: 700;\nfont-size:19px;\n    text-decoration: none !important;\n    line-height: 30.4px;\nbackground-color:#92BC64;\ncolor: #fff;\npadding:10px 40px;\nborder-radius: 25px;\n}   \n\n.frb-btn:hover\n{background-color:#246D9B;\ncolor:#fff;\n}\n\n.well.c2a3{\nbackground-color: #fff;\n  background-clip: border-box;\n  border: 1px solid #e5e5e5;\n}\n\n .well.c2a3 .btn {\n        padding: 11px 30px;\n        font-size: 11pt;\n    }\n\n    .well.c2a3 .media-body {\n        font-size: 11pt;\n    }\n\n    .well.c2a3 .wpdm_icon {\n        height: 42px;\n        width: auto;\n    }<\/style>\n<\/div><\/div>            <div style='clear:both'><\/div><div class='text-center'><ul class='pagination wpdm-pagination pagination-centered text-center'><\/ul><\/div><div style='clear:both'><\/div>        <\/div>\n\n        <div style='clear:both'><\/div>\n    <\/div>\n<\/div>\n<\/p>\t\t\t\t\t\t\t\t<\/div>\n\t\t\t\t\t<\/div>\n\t\t\t\t<\/div>\n\t\t\t\t<\/div>\n\t\t","protected":false},"excerpt":{"rendered":"<p>Propri\u00e9taire foncier Les propri\u00e9taires r\u00e9sidentiels et commerciaux cherchent \u00e0 augmenter la valeur de leurs terrains tout en respectant les exigences environnementales, mais les informations n\u00e9cessaires sont souvent difficiles \u00e0 obtenir. Nous continuons d&rsquo;ajouter des ressources utiles pour les propri\u00e9taires locaux : guides, liens et autres supports. Cette communaut\u00e9 de propri\u00e9taires peut jouer un r\u00f4le direct&hellip;<\/p>\n","protected":false},"author":1,"featured_media":731,"parent":0,"menu_order":0,"comment_status":"closed","ping_status":"closed","template":"","meta":{"footnotes":""},"class_list":["post-42796","page","type-page","status-publish","has-post-thumbnail","hentry"],"_links":{"self":[{"href":"https:\/\/fondationruisseaubouchard.org\/fr\/wp-json\/wp\/v2\/pages\/42796","targetHints":{"allow":["GET"]}}],"collection":[{"href":"https:\/\/fondationruisseaubouchard.org\/fr\/wp-json\/wp\/v2\/pages"}],"about":[{"href":"https:\/\/fondationruisseaubouchard.org\/fr\/wp-json\/wp\/v2\/types\/page"}],"author":[{"embeddable":true,"href":"https:\/\/fondationruisseaubouchard.org\/fr\/wp-json\/wp\/v2\/users\/1"}],"replies":[{"embeddable":true,"href":"https:\/\/fondationruisseaubouchard.org\/fr\/wp-json\/wp\/v2\/comments?post=42796"}],"version-history":[{"count":12,"href":"https:\/\/fondationruisseaubouchard.org\/fr\/wp-json\/wp\/v2\/pages\/42796\/revisions"}],"predecessor-version":[{"id":44118,"href":"https:\/\/fondationruisseaubouchard.org\/fr\/wp-json\/wp\/v2\/pages\/42796\/revisions\/44118"}],"wp:featuredmedia":[{"embeddable":true,"href":"https:\/\/fondationruisseaubouchard.org\/fr\/wp-json\/wp\/v2\/media\/731"}],"wp:attachment":[{"href":"https:\/\/fondationruisseaubouchard.org\/fr\/wp-json\/wp\/v2\/media?parent=42796"}],"curies":[{"name":"wp","href":"https:\/\/api.w.org\/{rel}","templated":true}]}}