{"id":42764,"date":"2025-06-18T13:22:30","date_gmt":"2025-06-18T13:22:30","guid":{"rendered":"https:\/\/fondationruisseaubouchard.org\/engagement-for-businesses\/"},"modified":"2026-02-24T19:10:15","modified_gmt":"2026-02-24T19:10:15","slug":"engagement-pour-les-entreprises","status":"publish","type":"page","link":"https:\/\/fondationruisseaubouchard.org\/fr\/engagement-pour-les-entreprises\/","title":{"rendered":"Engagement pour les entreprises"},"content":{"rendered":"\t\t<div data-elementor-type=\"wp-page\" data-elementor-id=\"42764\" class=\"elementor elementor-42764 elementor-535\" data-elementor-post-type=\"page\">\n\t\t\t\t<div class=\"elementor-element elementor-element-e3f03cd e-flex e-con-boxed e-con e-parent\" data-id=\"e3f03cd\" data-element_type=\"container\" data-e-type=\"container\">\n\t\t\t\t\t<div class=\"e-con-inner\">\n\t\t\t\t<div class=\"elementor-element elementor-element-09d60ce elementor-widget elementor-widget-heading\" data-id=\"09d60ce\" data-element_type=\"widget\" data-e-type=\"widget\" data-widget_type=\"heading.default\">\n\t\t\t\t\t<h1 class=\"elementor-heading-title elementor-size-default\">Engagement pour les entreprises<\/h1>\t\t\t\t<\/div>\n\t\t<div class=\"elementor-element elementor-element-cc62690 e-con-full e-flex e-con e-child\" data-id=\"cc62690\" data-element_type=\"container\" data-e-type=\"container\">\n\t\t\t\t<div class=\"elementor-element elementor-element-3601b1c elementor-widget__width-initial elementor-widget-laptop__width-initial elementor-widget-tablet_extra__width-initial elementor-widget-tablet__width-initial elementor-widget elementor-widget-text-editor\" data-id=\"3601b1c\" data-element_type=\"widget\" data-e-type=\"widget\" data-widget_type=\"text-editor.default\">\n\t\t\t\t\t\t\t\t\t<p>Les entreprises et leurs employ\u00e9s d\u00e9pendent d&rsquo;une \u00e9conomie et de communaut\u00e9s fortes et saines, et sont bien plac\u00e9s pour prendre des mesures locales qui ont un impact sur leur activit\u00e9, leur communaut\u00e9 et son \u00e9cosyst\u00e8me. Qu&rsquo;il s&rsquo;agisse d&rsquo;un \u00e9v\u00e9nement ludique de team building ou d&rsquo;un programme ESG ou de certification (Pacte mondial des Nations unies, B Corp, EcoVadis), les entreprises disposent de nombreux moyens pour inciter leurs employ\u00e9s et leurs clients \u00e0 agir positivement au sein de leur communaut\u00e9. Pensez globalement et agissez localement en menant des actions dans l&rsquo;\u00e9cosyst\u00e8me du ruisseau Bouchard. La Fondation du ruisseau Bouchard et ses partenaires ont pr\u00e9vu de nombreuses activit\u00e9s int\u00e9ressantes au cours des quatre prochaines ann\u00e9es dans le cadre de notre projet Les Amis du ruisseau Bouchard, et notre partenaire GRAME propose une large gamme de services aux entreprises.<\/p>\t\t\t\t\t\t\t\t<\/div>\n\t\t\t\t<div class=\"elementor-element elementor-element-d615be3 elementor-widget elementor-widget-image\" data-id=\"d615be3\" data-element_type=\"widget\" data-e-type=\"widget\" data-widget_type=\"image.default\">\n\t\t\t\t\t\t\t\t\t\t\t\t\t\t\t<img fetchpriority=\"high\" decoding=\"async\" width=\"801\" height=\"1024\" src=\"https:\/\/fondationruisseaubouchard.org\/wp-content\/uploads\/2025\/11\/20210414_163815-801x1024.jpg\" class=\"attachment-large size-large wp-image-41927\" alt=\"\" srcset=\"https:\/\/fondationruisseaubouchard.org\/wp-content\/uploads\/2025\/11\/20210414_163815-801x1024.jpg 801w, https:\/\/fondationruisseaubouchard.org\/wp-content\/uploads\/2025\/11\/20210414_163815-235x300.jpg 235w, https:\/\/fondationruisseaubouchard.org\/wp-content\/uploads\/2025\/11\/20210414_163815-768x982.jpg 768w, https:\/\/fondationruisseaubouchard.org\/wp-content\/uploads\/2025\/11\/20210414_163815-1202x1536.jpg 1202w, https:\/\/fondationruisseaubouchard.org\/wp-content\/uploads\/2025\/11\/20210414_163815-1602x2048.jpg 1602w, https:\/\/fondationruisseaubouchard.org\/wp-content\/uploads\/2025\/11\/20210414_163815-scaled.jpg 2003w\" sizes=\"(max-width: 801px) 100vw, 801px\" \/>\t\t\t\t\t\t\t\t\t\t\t\t\t\t\t<\/div>\n\t\t\t\t<\/div>\n\t\t\t\t\t<\/div>\n\t\t\t\t<\/div>\n\t\t<div class=\"elementor-element elementor-element-f21026e e-flex e-con-boxed e-con e-parent\" data-id=\"f21026e\" data-element_type=\"container\" data-e-type=\"container\">\n\t\t\t\t\t<div class=\"e-con-inner\">\n\t\t<div class=\"elementor-element elementor-element-4fe57df e-con-full e-flex e-con e-child\" data-id=\"4fe57df\" data-element_type=\"container\" data-e-type=\"container\">\n\t\t\t\t<div class=\"elementor-element elementor-element-2fb7258 elementor-widget elementor-widget-text-editor\" data-id=\"2fb7258\" data-element_type=\"widget\" data-e-type=\"widget\" data-widget_type=\"text-editor.default\">\n\t\t\t\t\t\t\t\t\t<p><!-- PDF Embedder: Please provide an \"URL\" attribute in your shortcode. --><\/p>\t\t\t\t\t\t\t\t<\/div>\n\t\t\t\t<div class=\"elementor-element elementor-element-35b1950 elementor-widget elementor-widget-text-editor\" data-id=\"35b1950\" data-element_type=\"widget\" data-e-type=\"widget\" data-widget_type=\"text-editor.default\">\n\t\t\t\t\t\t\t\t\t<p><a href=\"https:\/\/fondationruisseaubouchard.org\/wp-content\/uploads\/2026\/02\/ARB_One-pager-engagement-f-fev-2026.pdf\" class=\"pdfemb-viewer\" style=\"\" data-width=\"max\" data-height=\"max\" data-toolbar=\"bottom\" data-toolbar-fixed=\"off\">LES AMIS DU RUISSEAU BOUCHARD English<\/a><\/p>\t\t\t\t\t\t\t\t<\/div>\n\t\t\t\t<div class=\"elementor-element elementor-element-984d44f elementor-widget elementor-widget-text-editor\" data-id=\"984d44f\" data-element_type=\"widget\" data-e-type=\"widget\" data-widget_type=\"text-editor.default\">\n\t\t\t\t\t\t\t\t\t<h4>\u00a0<\/h4><h4 style=\"text-align: center;\"><span style=\"color: #333399;\">D\u00e9couvrez nos <span style=\"color: #008000;\"><a style=\"color: #008000; text-decoration: underline;\" href=\"https:\/\/fondationruisseaubouchard.org\/fr\/entreprises\/\">ressources<\/a> <\/span>pour les entreprises<\/span><\/h4><p>Vous faites partie des entreprises qui souhaitent am\u00e9liorer leur lieu de travail et leur responsabilit\u00e9 sociale ? Passez \u00e0 l&rsquo;action !<\/p><p>GRAME vous aide \u00e0 mettre en \u0153uvre des projets environnementaux sur mesure, notamment des plantations d&rsquo;arbres, des op\u00e9rations de nettoyage, des conf\u00e9rences \u00e9cologiques et d&rsquo;autres solutions cl\u00e9s en main, que ce soit pour renforcer l&rsquo;esprit d&rsquo;\u00e9quipe ou \u00e0 d&rsquo;autres fins.<\/p>\t\t\t\t\t\t\t\t<\/div>\n\t\t\t\t<\/div>\n\t\t\t\t\t<\/div>\n\t\t\t\t<\/div>\n\t\t<div class=\"elementor-element elementor-element-192f5fb e-flex e-con-boxed e-con e-parent\" data-id=\"192f5fb\" data-element_type=\"container\" data-e-type=\"container\">\n\t\t\t\t\t<div class=\"e-con-inner\">\n\t\t\t\t<div class=\"elementor-element elementor-element-b525f7f elementor-align-justify elementor-widget-mobile__width-inherit elementor-invisible elementor-widget elementor-widget-the7_button_widget\" data-id=\"b525f7f\" data-element_type=\"widget\" data-e-type=\"widget\" data-settings=\"{&quot;_animation&quot;:&quot;fadeInUp&quot;,&quot;_animation_delay&quot;:750}\" data-widget_type=\"the7_button_widget.default\">\n\t\t\t\t<div class=\"elementor-widget-container\">\n\t\t\t\t\t<div class=\"elementor-button-wrapper\"><a href=\"https:\/\/grame.org\/services-aux-entreprises\/\" target=\"_blank\" class=\"box-button elementor-button elementor-size-xl\">En savoir plus<svg aria-hidden=\"true\" class=\"elementor-button-icon e-font-icon-svg e-fas-arrow-circle-right\" viewBox=\"0 0 512 512\" xmlns=\"http:\/\/www.w3.org\/2000\/svg\"><path d=\"M256 8c137 0 248 111 248 248S393 504 256 504 8 393 8 256 119 8 256 8zm-28.9 143.6l75.5 72.4H120c-13.3 0-24 10.7-24 24v16c0 13.3 10.7 24 24 24h182.6l-75.5 72.4c-9.7 9.3-9.9 24.8-.4 34.3l11 10.9c9.4 9.4 24.6 9.4 33.9 0L404.3 273c9.4-9.4 9.4-24.6 0-33.9L271.6 106.3c-9.4-9.4-24.6-9.4-33.9 0l-11 10.9c-9.5 9.6-9.3 25.1.4 34.4z\"><\/path><\/svg><\/a><\/div>\t\t\t\t<\/div>\n\t\t\t\t<\/div>\n\t\t\t\t<div class=\"elementor-element elementor-element-bdb5ee7 elementor-align-justify elementor-widget-mobile__width-inherit elementor-invisible elementor-widget elementor-widget-the7_button_widget\" data-id=\"bdb5ee7\" data-element_type=\"widget\" data-e-type=\"widget\" data-settings=\"{&quot;_animation&quot;:&quot;fadeInUp&quot;,&quot;_animation_delay&quot;:750}\" data-widget_type=\"the7_button_widget.default\">\n\t\t\t\t<div class=\"elementor-widget-container\">\n\t\t\t\t\t<div class=\"elementor-button-wrapper\"><a href=\"https:\/\/fondationruisseaubouchard.org\/wp-content\/uploads\/2026\/02\/ARB_One-pager-engagement-f-fev-2026.pdf\" class=\"box-button elementor-button elementor-size-xl\">T\u00e9l\u00e9charger le PDF<svg aria-hidden=\"true\" class=\"elementor-button-icon e-font-icon-svg e-fas-file-pdf\" viewBox=\"0 0 384 512\" xmlns=\"http:\/\/www.w3.org\/2000\/svg\"><path d=\"M181.9 256.1c-5-16-4.9-46.9-2-46.9 8.4 0 7.6 36.9 2 46.9zm-1.7 47.2c-7.7 20.2-17.3 43.3-28.4 62.7 18.3-7 39-17.2 62.9-21.9-12.7-9.6-24.9-23.4-34.5-40.8zM86.1 428.1c0 .8 13.2-5.4 34.9-40.2-6.7 6.3-29.1 24.5-34.9 40.2zM248 160h136v328c0 13.3-10.7 24-24 24H24c-13.3 0-24-10.7-24-24V24C0 10.7 10.7 0 24 0h200v136c0 13.2 10.8 24 24 24zm-8 171.8c-20-12.2-33.3-29-42.7-53.8 4.5-18.5 11.6-46.6 6.2-64.2-4.7-29.4-42.4-26.5-47.8-6.8-5 18.3-.4 44.1 8.1 77-11.6 27.6-28.7 64.6-40.8 85.8-.1 0-.1.1-.2.1-27.1 13.9-73.6 44.5-54.5 68 5.6 6.9 16 10 21.5 10 17.9 0 35.7-18 61.1-61.8 25.8-8.5 54.1-19.1 79-23.2 21.7 11.8 47.1 19.5 64 19.5 29.2 0 31.2-32 19.7-43.4-13.9-13.6-54.3-9.7-73.6-7.2zM377 105L279 7c-4.5-4.5-10.6-7-17-7h-6v128h128v-6.1c0-6.3-2.5-12.4-7-16.9zm-74.1 255.3c4.1-2.7-2.5-11.9-42.8-9 37.1 15.8 42.8 9 42.8 9z\"><\/path><\/svg><\/a><\/div>\t\t\t\t<\/div>\n\t\t\t\t<\/div>\n\t\t\t\t<div class=\"elementor-element elementor-element-c6d0f40 elementor-align-justify elementor-widget-mobile__width-inherit elementor-invisible elementor-widget elementor-widget-the7_button_widget\" data-id=\"c6d0f40\" data-element_type=\"widget\" data-e-type=\"widget\" data-settings=\"{&quot;_animation&quot;:&quot;fadeInUp&quot;,&quot;_animation_delay&quot;:750}\" data-widget_type=\"the7_button_widget.default\">\n\t\t\t\t<div class=\"elementor-widget-container\">\n\t\t\t\t\t<div class=\"elementor-button-wrapper\"><a href=\"https:\/\/fondationruisseaubouchard.org\/fr\/benevoles\/\" class=\"box-button elementor-button elementor-size-xl\">B\u00e9n\u00e9volat<svg aria-hidden=\"true\" class=\"elementor-button-icon e-font-icon-svg e-fas-arrow-circle-right\" viewBox=\"0 0 512 512\" xmlns=\"http:\/\/www.w3.org\/2000\/svg\"><path d=\"M256 8c137 0 248 111 248 248S393 504 256 504 8 393 8 256 119 8 256 8zm-28.9 143.6l75.5 72.4H120c-13.3 0-24 10.7-24 24v16c0 13.3 10.7 24 24 24h182.6l-75.5 72.4c-9.7 9.3-9.9 24.8-.4 34.3l11 10.9c9.4 9.4 24.6 9.4 33.9 0L404.3 273c9.4-9.4 9.4-24.6 0-33.9L271.6 106.3c-9.4-9.4-24.6-9.4-33.9 0l-11 10.9c-9.5 9.6-9.3 25.1.4 34.4z\"><\/path><\/svg><\/a><\/div>\t\t\t\t<\/div>\n\t\t\t\t<\/div>\n\t\t\t\t\t<\/div>\n\t\t\t\t<\/div>\n\t\t\t\t<\/div>\n\t\t","protected":false},"excerpt":{"rendered":"<p>Engagement pour les entreprises Les entreprises et leurs employ\u00e9s d\u00e9pendent d&rsquo;une \u00e9conomie et de communaut\u00e9s fortes et saines, et sont bien plac\u00e9s pour prendre des mesures locales qui ont un impact sur leur activit\u00e9, leur communaut\u00e9 et son \u00e9cosyst\u00e8me. Qu&rsquo;il s&rsquo;agisse d&rsquo;un \u00e9v\u00e9nement ludique de team building ou d&rsquo;un programme ESG ou de certification (Pacte&hellip;<\/p>\n","protected":false},"author":1,"featured_media":0,"parent":0,"menu_order":0,"comment_status":"closed","ping_status":"closed","template":"","meta":{"footnotes":""},"class_list":["post-42764","page","type-page","status-publish","hentry"],"_links":{"self":[{"href":"https:\/\/fondationruisseaubouchard.org\/fr\/wp-json\/wp\/v2\/pages\/42764","targetHints":{"allow":["GET"]}}],"collection":[{"href":"https:\/\/fondationruisseaubouchard.org\/fr\/wp-json\/wp\/v2\/pages"}],"about":[{"href":"https:\/\/fondationruisseaubouchard.org\/fr\/wp-json\/wp\/v2\/types\/page"}],"author":[{"embeddable":true,"href":"https:\/\/fondationruisseaubouchard.org\/fr\/wp-json\/wp\/v2\/users\/1"}],"replies":[{"embeddable":true,"href":"https:\/\/fondationruisseaubouchard.org\/fr\/wp-json\/wp\/v2\/comments?post=42764"}],"version-history":[{"count":27,"href":"https:\/\/fondationruisseaubouchard.org\/fr\/wp-json\/wp\/v2\/pages\/42764\/revisions"}],"predecessor-version":[{"id":43990,"href":"https:\/\/fondationruisseaubouchard.org\/fr\/wp-json\/wp\/v2\/pages\/42764\/revisions\/43990"}],"wp:attachment":[{"href":"https:\/\/fondationruisseaubouchard.org\/fr\/wp-json\/wp\/v2\/media?parent=42764"}],"curies":[{"name":"wp","href":"https:\/\/api.w.org\/{rel}","templated":true}]}}