{"id":42763,"date":"2025-09-02T18:50:29","date_gmt":"2025-09-02T18:50:29","guid":{"rendered":"https:\/\/fondationruisseaubouchard.org\/educators\/"},"modified":"2026-03-17T17:45:40","modified_gmt":"2026-03-17T17:45:40","slug":"educateurs","status":"publish","type":"page","link":"https:\/\/fondationruisseaubouchard.org\/fr\/educateurs\/","title":{"rendered":"\u00c9ducateurs"},"content":{"rendered":"\t\t<div data-elementor-type=\"wp-page\" data-elementor-id=\"42763\" class=\"elementor elementor-42763 elementor-40891\" data-elementor-post-type=\"page\">\n\t\t\t\t<div class=\"elementor-element elementor-element-c94242a e-flex e-con-boxed e-con e-parent\" data-id=\"c94242a\" data-element_type=\"container\" data-e-type=\"container\">\n\t\t\t\t\t<div class=\"e-con-inner\">\n\t\t\t\t<div class=\"elementor-element elementor-element-cfea5a2 elementor-widget elementor-widget-heading\" data-id=\"cfea5a2\" data-element_type=\"widget\" data-e-type=\"widget\" data-widget_type=\"heading.default\">\n\t\t\t\t\t<h1 class=\"elementor-heading-title elementor-size-default\">\u00c9ducateurs<\/h1>\t\t\t\t<\/div>\n\t\t<div class=\"elementor-element elementor-element-b579af1 e-con-full e-flex e-con e-child\" data-id=\"b579af1\" data-element_type=\"container\" data-e-type=\"container\">\n\t\t\t\t<div class=\"elementor-element elementor-element-7a9edcb elementor-widget__width-initial elementor-widget-laptop__width-initial elementor-widget-tablet_extra__width-initial elementor-widget-tablet__width-initial elementor-widget elementor-widget-text-editor\" data-id=\"7a9edcb\" data-element_type=\"widget\" data-e-type=\"widget\" data-widget_type=\"text-editor.default\">\n\t\t\t\t\t\t\t\t\t<p>Les \u00e9ducateurs occupent une position unique pour exercer une influence \u00e0 long terme sur les \u00e9cosyst\u00e8mes et les communaut\u00e9s en guidant la future g\u00e9n\u00e9ration de leaders et de gardiens de nos \u00e9cosyst\u00e8mes. Ils sont \u00e9galement confront\u00e9s \u00e0 des d\u00e9fis li\u00e9s \u00e0 la grande diversit\u00e9 des mati\u00e8res enseign\u00e9es et \u00e0 l&rsquo;\u00e9volution rapide des connaissances. Nous continuons d&rsquo;ajouter des ressources utiles, des guides, des liens et d&rsquo;autres supports afin de soutenir et d&rsquo;inspirer les \u00e9ducateurs et de susciter l&rsquo;int\u00e9r\u00eat de leurs \u00e9l\u00e8ves.<\/p>\t\t\t\t\t\t\t\t<\/div>\n\t\t\t\t<div class=\"elementor-element elementor-element-551c65b elementor-widget elementor-widget-image\" data-id=\"551c65b\" data-element_type=\"widget\" data-e-type=\"widget\" data-widget_type=\"image.default\">\n\t\t\t\t\t\t\t\t\t\t\t\t\t\t\t<img fetchpriority=\"high\" decoding=\"async\" width=\"940\" height=\"788\" src=\"https:\/\/fondationruisseaubouchard.org\/wp-content\/uploads\/2025\/10\/Adult-Learners-Week-Stock-Images-4.png\" class=\"attachment-large size-large wp-image-41497\" alt=\"\" srcset=\"https:\/\/fondationruisseaubouchard.org\/wp-content\/uploads\/2025\/10\/Adult-Learners-Week-Stock-Images-4.png 940w, https:\/\/fondationruisseaubouchard.org\/wp-content\/uploads\/2025\/10\/Adult-Learners-Week-Stock-Images-4-300x251.png 300w, https:\/\/fondationruisseaubouchard.org\/wp-content\/uploads\/2025\/10\/Adult-Learners-Week-Stock-Images-4-768x644.png 768w\" sizes=\"(max-width: 940px) 100vw, 940px\" \/>\t\t\t\t\t\t\t\t\t\t\t\t\t\t\t<\/div>\n\t\t\t\t<\/div>\n\t\t\t\t\t<\/div>\n\t\t\t\t<\/div>\n\t\t<div class=\"elementor-element elementor-element-8d5e31d e-flex e-con-boxed e-con e-parent\" data-id=\"8d5e31d\" data-element_type=\"container\" data-e-type=\"container\">\n\t\t\t\t\t<div class=\"e-con-inner\">\n\t\t\t\t<div class=\"elementor-element elementor-element-d80cbac elementor-widget elementor-widget-text-editor\" data-id=\"d80cbac\" data-element_type=\"widget\" data-e-type=\"widget\" data-widget_type=\"text-editor.default\">\n\t\t\t\t\t\t\t\t\t<p><div class='w3eden wpdm_packages_shortcode'>\n    <div class=''>\n\n        \n        <div id=\"content_wpdm_package_1\">\n            <div class='row'><div class='col-lg-6 col-md-6 col-6'><div class=\"well c2a3\">\n    <div class=\"media\">\n        <div class=\"mr-3\" align=\"left\">\n            <img decoding=\"async\" class=\"wpdm_icon\" alt=\"Ic\u00f4ne\" src=\"https:\/\/fondationruisseaubouchard.org\/wp-content\/plugins\/download-manager\/assets\/file-type-icons\/pdf.svg\" \/>\n        <\/div>\n        <div class=\"media-body\">\n            <h3 class=\"media-heading\" style=\"padding-top: 0px;border:0px;margin: 0 0 5px 0;font-size:12pt;\">\n                  <a style=\"font-weight: 700\" href=\"https:\/\/fondationruisseaubouchard.org\/fr\/download\/sorties-pedagogiques-a-la-decouverte-de-la-nature-dans-le-cadre-de-leducation-a-lenvironnement-une-plateforme-dapprentissage-social-entre-une-association-a-but-non-lucratif-et-les-ecoles-prima\/\">Sorties p\u00e9dagogiques \u00e0 la d\u00e9couverte de la nature dans le cadre de l&rsquo;\u00e9ducation \u00e0 l&rsquo;environnement : une plateforme d&rsquo;apprentissage social entre une association \u00e0 but non lucratif et les \u00e9coles primaires locales<\/a>\n                <span style=\"font-size:8pt;font-weight:300\" class=\"text-muted ml-4\">\n                    <i class=\"fas fa-hdd mr-1\"><\/i> 1,015.95 KB\n                    <i class=\"ml-3 far fa-arrow-alt-circle-down mr-1\"><\/i> 110 t\u00e9l\u00e9chargements\n                <\/span>\n            <\/h3>\n            \n        <\/div>\n        <div class=\"ml-3\" align=\"right\">\n           <a href=\"https:\/\/fondationruisseaubouchard.org\/fr\/download\/sorties-pedagogiques-a-la-decouverte-de-la-nature-dans-le-cadre-de-leducation-a-lenvironnement-une-plateforme-dapprentissage-social-entre-une-association-a-but-non-lucratif-et-les-ecoles-prima\/\" class=\"frb-btn\">Afficher<\/a>\n        <\/div>\n    <\/div>\n\n<\/div>\n<style>\n.frb-btn{\n    font-weight: 700;\nfont-size:19px;\n    text-decoration: none !important;\n    line-height: 30.4px;\nbackground-color:#92BC64;\ncolor: #fff;\npadding:10px 40px;\nborder-radius: 25px;\n}   \n\n.frb-btn:hover\n{background-color:#246D9B;\ncolor:#fff;\n}\n\n.well.c2a3{\nbackground-color: #fff;\n  background-clip: border-box;\n  border: 1px solid #e5e5e5;\n}\n\n .well.c2a3 .btn {\n        padding: 11px 30px;\n        font-size: 11pt;\n    }\n\n    .well.c2a3 .media-body {\n        font-size: 11pt;\n    }\n\n    .well.c2a3 .wpdm_icon {\n        height: 42px;\n        width: auto;\n    }<\/style>\n<\/div><div class='col-lg-6 col-md-6 col-6'><div class=\"well c2a3\">\n    <div class=\"media\">\n        <div class=\"mr-3\" align=\"left\">\n            <img decoding=\"async\" class=\"wpdm_icon\" alt=\"Ic\u00f4ne\" src=\"https:\/\/fondationruisseaubouchard.org\/wp-content\/plugins\/download-manager\/assets\/file-type-icons\/pdf.svg\" \/>\n        <\/div>\n        <div class=\"media-body\">\n            <h3 class=\"media-heading\" style=\"padding-top: 0px;border:0px;margin: 0 0 5px 0;font-size:12pt;\">\n                  <a style=\"font-weight: 700\" href=\"https:\/\/fondationruisseaubouchard.org\/fr\/download\/guide-du-bouchard\/\">Guide du Bouchard<\/a>\n                <span style=\"font-size:8pt;font-weight:300\" class=\"text-muted ml-4\">\n                    <i class=\"fas fa-hdd mr-1\"><\/i> 96.17 MB\n                    <i class=\"ml-3 far fa-arrow-alt-circle-down mr-1\"><\/i> 177 t\u00e9l\u00e9chargements\n                <\/span>\n            <\/h3>\n            <p>Le Guide du bouchard est con\u00e7u pour \u00eatre une ressource exhaustive qui couvre tous les aspects li\u00e9s \u00e0 l\u2019organisation des op\u00e9rations de nettoyage du ruisseau Bouchard. Toutefois, il ne s\u2019agit pas d\u2019un manuel rigide que chaque groupe doit suivre dans son int\u00e9gralit\u00e9. Chaque groupe est invit\u00e9 \u00e0 extraire et adapter uniquement les sections pertinentes \u00e0 ses propres besoins et capacit\u00e9s.<\/p>\n\n        <\/div>\n        <div class=\"ml-3\" align=\"right\">\n           <a href=\"https:\/\/fondationruisseaubouchard.org\/fr\/download\/guide-du-bouchard\/\" class=\"frb-btn\">Afficher<\/a>\n        <\/div>\n    <\/div>\n\n<\/div>\n<style>\n.frb-btn{\n    font-weight: 700;\nfont-size:19px;\n    text-decoration: none !important;\n    line-height: 30.4px;\nbackground-color:#92BC64;\ncolor: #fff;\npadding:10px 40px;\nborder-radius: 25px;\n}   \n\n.frb-btn:hover\n{background-color:#246D9B;\ncolor:#fff;\n}\n\n.well.c2a3{\nbackground-color: #fff;\n  background-clip: border-box;\n  border: 1px solid #e5e5e5;\n}\n\n .well.c2a3 .btn {\n        padding: 11px 30px;\n        font-size: 11pt;\n    }\n\n    .well.c2a3 .media-body {\n        font-size: 11pt;\n    }\n\n    .well.c2a3 .wpdm_icon {\n        height: 42px;\n        width: auto;\n    }<\/style>\n<\/div><div class='col-lg-6 col-md-6 col-6'><div class=\"well c2a3\">\n    <div class=\"media\">\n        <div class=\"mr-3\" align=\"left\">\n            <img decoding=\"async\" class=\"wpdm_icon\" alt=\"Ic\u00f4ne\" src=\"https:\/\/fondationruisseaubouchard.org\/wp-content\/plugins\/download-manager\/assets\/file-type-icons\/pdf.svg\" \/>\n        <\/div>\n        <div class=\"media-body\">\n            <h3 class=\"media-heading\" style=\"padding-top: 0px;border:0px;margin: 0 0 5px 0;font-size:12pt;\">\n                  <a style=\"font-weight: 700\" href=\"https:\/\/fondationruisseaubouchard.org\/fr\/download\/ruisseau-molson\/\">Ruisseau Molson<\/a>\n                <span style=\"font-size:8pt;font-weight:300\" class=\"text-muted ml-4\">\n                    <i class=\"fas fa-hdd mr-1\"><\/i> 41.33 MB\n                    <i class=\"ml-3 far fa-arrow-alt-circle-down mr-1\"><\/i> 697 t\u00e9l\u00e9chargements\n                <\/span>\n            <\/h3>\n            <p>Le ruisseau Molson:<br \/>\n\u00c9laboration d\u2019une proposition d\u2019am\u00e9nagement participative<\/p>\n\n        <\/div>\n        <div class=\"ml-3\" align=\"right\">\n           <a href=\"https:\/\/fondationruisseaubouchard.org\/fr\/download\/ruisseau-molson\/\" class=\"frb-btn\">Afficher<\/a>\n        <\/div>\n    <\/div>\n\n<\/div>\n<style>\n.frb-btn{\n    font-weight: 700;\nfont-size:19px;\n    text-decoration: none !important;\n    line-height: 30.4px;\nbackground-color:#92BC64;\ncolor: #fff;\npadding:10px 40px;\nborder-radius: 25px;\n}   \n\n.frb-btn:hover\n{background-color:#246D9B;\ncolor:#fff;\n}\n\n.well.c2a3{\nbackground-color: #fff;\n  background-clip: border-box;\n  border: 1px solid #e5e5e5;\n}\n\n .well.c2a3 .btn {\n        padding: 11px 30px;\n        font-size: 11pt;\n    }\n\n    .well.c2a3 .media-body {\n        font-size: 11pt;\n    }\n\n    .well.c2a3 .wpdm_icon {\n        height: 42px;\n        width: auto;\n    }<\/style>\n<\/div><\/div>            <div style='clear:both'><\/div><div class='text-center'><ul class='pagination wpdm-pagination pagination-centered text-center'><\/ul><\/div><div style='clear:both'><\/div>        <\/div>\n\n        <div style='clear:both'><\/div>\n    <\/div>\n<\/div>\n<\/p>\t\t\t\t\t\t\t\t<\/div>\n\t\t\t\t\t<\/div>\n\t\t\t\t<\/div>\n\t\t\t\t<\/div>\n\t\t","protected":false},"excerpt":{"rendered":"<p>\u00c9ducateurs Les \u00e9ducateurs occupent une position unique pour exercer une influence \u00e0 long terme sur les \u00e9cosyst\u00e8mes et les communaut\u00e9s en guidant la future g\u00e9n\u00e9ration de leaders et de gardiens de nos \u00e9cosyst\u00e8mes. Ils sont \u00e9galement confront\u00e9s \u00e0 des d\u00e9fis li\u00e9s \u00e0 la grande diversit\u00e9 des mati\u00e8res enseign\u00e9es et \u00e0 l&rsquo;\u00e9volution rapide des connaissances. Nous&hellip;<\/p>\n","protected":false},"author":1,"featured_media":0,"parent":0,"menu_order":0,"comment_status":"closed","ping_status":"closed","template":"","meta":{"footnotes":""},"class_list":["post-42763","page","type-page","status-publish","hentry"],"_links":{"self":[{"href":"https:\/\/fondationruisseaubouchard.org\/fr\/wp-json\/wp\/v2\/pages\/42763","targetHints":{"allow":["GET"]}}],"collection":[{"href":"https:\/\/fondationruisseaubouchard.org\/fr\/wp-json\/wp\/v2\/pages"}],"about":[{"href":"https:\/\/fondationruisseaubouchard.org\/fr\/wp-json\/wp\/v2\/types\/page"}],"author":[{"embeddable":true,"href":"https:\/\/fondationruisseaubouchard.org\/fr\/wp-json\/wp\/v2\/users\/1"}],"replies":[{"embeddable":true,"href":"https:\/\/fondationruisseaubouchard.org\/fr\/wp-json\/wp\/v2\/comments?post=42763"}],"version-history":[{"count":9,"href":"https:\/\/fondationruisseaubouchard.org\/fr\/wp-json\/wp\/v2\/pages\/42763\/revisions"}],"predecessor-version":[{"id":44124,"href":"https:\/\/fondationruisseaubouchard.org\/fr\/wp-json\/wp\/v2\/pages\/42763\/revisions\/44124"}],"wp:attachment":[{"href":"https:\/\/fondationruisseaubouchard.org\/fr\/wp-json\/wp\/v2\/media?parent=42763"}],"curies":[{"name":"wp","href":"https:\/\/api.w.org\/{rel}","templated":true}]}}