{"id":42761,"date":"2025-06-18T18:01:20","date_gmt":"2025-06-18T18:01:20","guid":{"rendered":"https:\/\/fondationruisseaubouchard.org\/donate\/"},"modified":"2026-03-16T15:36:53","modified_gmt":"2026-03-16T15:36:53","slug":"faire-un-don","status":"publish","type":"page","link":"https:\/\/fondationruisseaubouchard.org\/fr\/faire-un-don\/","title":{"rendered":"Faire un don"},"content":{"rendered":"\t\t<div data-elementor-type=\"wp-page\" data-elementor-id=\"42761\" class=\"elementor elementor-42761 elementor-570\" data-elementor-post-type=\"page\">\n\t\t\t\t<div class=\"elementor-element elementor-element-2b4bb4bb e-flex e-con-boxed e-con e-parent\" data-id=\"2b4bb4bb\" data-element_type=\"container\" data-e-type=\"container\">\n\t\t\t\t\t<div class=\"e-con-inner\">\n\t\t<div class=\"elementor-element elementor-element-7f084cb e-con-full e-flex e-con e-child\" data-id=\"7f084cb\" data-element_type=\"container\" data-e-type=\"container\">\n\t\t\t\t<div class=\"elementor-element elementor-element-72c1b29 elementor-widget elementor-widget-heading\" data-id=\"72c1b29\" data-element_type=\"widget\" data-e-type=\"widget\" data-widget_type=\"heading.default\">\n\t\t\t\t\t<h1 class=\"elementor-heading-title elementor-size-default\">Comment faire un don<\/h1>\t\t\t\t<\/div>\n\t\t<div class=\"elementor-element elementor-element-0d4de80 e-con-full e-flex e-con e-child\" data-id=\"0d4de80\" data-element_type=\"container\" data-e-type=\"container\">\n\t\t\t\t<div class=\"elementor-element elementor-element-6ed2002 elementor-widget__width-initial elementor-widget-laptop__width-initial elementor-widget-tablet_extra__width-initial elementor-widget-tablet__width-initial elementor-widget elementor-widget-text-editor\" data-id=\"6ed2002\" data-element_type=\"widget\" data-e-type=\"widget\" data-widget_type=\"text-editor.default\">\n\t\t\t\t\t\t\t\t\t<p>Vous pouvez nous aider \u00e0 RESTAURER et PROT\u00c9GER le bassin versant du ruisseau Bouchard en faisant un don. La Fondation Ruisseau Bouchard est un organisme de bienfaisance sans but lucratif enregistr\u00e9 aupr\u00e8s de l&rsquo;ARC depuis 2021 :<\/p><ul><li>Num\u00e9ro d&rsquo;enregistrement ARC : 779830108 RR 0001<\/li><li>Num\u00e9ro d&rsquo;entreprise QC : 1176978824<\/li><\/ul><p>Site Web de l&rsquo;ARC &#8211; <a href=\"https:\/\/www.canada.ca\/fr\/services\/impots\/bienfaisance.html\">https:\/\/www.canada.ca\/en\/services\/taxes\/charities.html<\/a><\/p><p>Des re\u00e7us fiscaux seront fournis.<\/p>\t\t\t\t\t\t\t\t<\/div>\n\t\t\t\t<div class=\"elementor-element elementor-element-b6af51a elementor-widget elementor-widget-image\" data-id=\"b6af51a\" data-element_type=\"widget\" data-e-type=\"widget\" data-widget_type=\"image.default\">\n\t\t\t\t\t\t\t\t\t\t\t\t\t\t\t<img fetchpriority=\"high\" decoding=\"async\" width=\"1024\" height=\"718\" src=\"https:\/\/fondationruisseaubouchard.org\/wp-content\/uploads\/2025\/10\/PXL_20250715_185641074.MP-2-1024x718.jpg\" class=\"attachment-large size-large wp-image-41672\" alt=\"\" srcset=\"https:\/\/fondationruisseaubouchard.org\/wp-content\/uploads\/2025\/10\/PXL_20250715_185641074.MP-2-1024x718.jpg 1024w, https:\/\/fondationruisseaubouchard.org\/wp-content\/uploads\/2025\/10\/PXL_20250715_185641074.MP-2-300x210.jpg 300w, https:\/\/fondationruisseaubouchard.org\/wp-content\/uploads\/2025\/10\/PXL_20250715_185641074.MP-2-768x539.jpg 768w, https:\/\/fondationruisseaubouchard.org\/wp-content\/uploads\/2025\/10\/PXL_20250715_185641074.MP-2-1536x1077.jpg 1536w, https:\/\/fondationruisseaubouchard.org\/wp-content\/uploads\/2025\/10\/PXL_20250715_185641074.MP-2-2048x1436.jpg 2048w\" sizes=\"(max-width: 1024px) 100vw, 1024px\" \/>\t\t\t\t\t\t\t\t\t\t\t\t\t\t\t<\/div>\n\t\t\t\t<\/div>\n\t\t\t\t<\/div>\n\t\t\t\t\t<\/div>\n\t\t\t\t<\/div>\n\t\t<div class=\"elementor-element elementor-element-4298e29 e-flex e-con-boxed e-con e-parent\" data-id=\"4298e29\" data-element_type=\"container\" data-e-type=\"container\">\n\t\t\t\t\t<div class=\"e-con-inner\">\n\t\t\t\t<div class=\"elementor-element elementor-element-7b7f200 elementor-widget elementor-widget-text-editor\" data-id=\"7b7f200\" data-element_type=\"widget\" data-e-type=\"widget\" data-widget_type=\"text-editor.default\">\n\t\t\t\t\t\t\t\t\t<p style=\"text-align: center;\">\u00a0<\/p><p style=\"text-align: center;\">Veuillez envoyer votre don en dollars \u00e0 l&rsquo;aide d&rsquo;INTERAC \u00e0 l&rsquo;adresse suivante : FRBouchardMV@gmail.com.<\/p><p style=\"text-align: center;\">OU<\/p><p style=\"text-align: center;\">Envoyez un ch\u00e8que \u00e0 l&rsquo;ordre de la Fondation Ruisseau Bouchard.<\/p><p style=\"text-align: center;\">Mentionnez \u00ab Don de bienfaisance \u00bb dans la ligne de r\u00e9f\u00e9rence.<\/p><p style=\"text-align: center;\">Contactez-nous pour convenir des modalit\u00e9s de livraison ou d&rsquo;envoi postal.<\/p>\t\t\t\t\t\t\t\t<\/div>\n\t\t\t\t\t<\/div>\n\t\t\t\t<\/div>\n\t\t<div class=\"elementor-element elementor-element-97dca52 e-flex e-con-boxed e-con e-parent\" data-id=\"97dca52\" data-element_type=\"container\" data-e-type=\"container\">\n\t\t\t\t\t<div class=\"e-con-inner\">\n\t\t\t\t<div class=\"elementor-element elementor-element-63b43e9 elementor-align-justify elementor-widget-mobile__width-inherit elementor-widget elementor-widget-the7_button_widget\" data-id=\"63b43e9\" data-element_type=\"widget\" data-e-type=\"widget\" data-settings=\"{&quot;_animation&quot;:&quot;none&quot;,&quot;_animation_delay&quot;:750}\" data-widget_type=\"the7_button_widget.default\">\n\t\t\t\t<div class=\"elementor-widget-container\">\n\t\t\t\t\t<div class=\"elementor-button-wrapper\"><a href=\"https:\/\/fondationruisseaubouchard.org\/fr\/contactez-nous\/\" id=\"ContactUs\" class=\"box-button elementor-button elementor-size-xl\">Contactez-nous<svg aria-hidden=\"true\" class=\"elementor-button-icon e-font-icon-svg e-fas-arrow-circle-right\" viewBox=\"0 0 512 512\" xmlns=\"http:\/\/www.w3.org\/2000\/svg\"><path d=\"M256 8c137 0 248 111 248 248S393 504 256 504 8 393 8 256 119 8 256 8zm-28.9 143.6l75.5 72.4H120c-13.3 0-24 10.7-24 24v16c0 13.3 10.7 24 24 24h182.6l-75.5 72.4c-9.7 9.3-9.9 24.8-.4 34.3l11 10.9c9.4 9.4 24.6 9.4 33.9 0L404.3 273c9.4-9.4 9.4-24.6 0-33.9L271.6 106.3c-9.4-9.4-24.6-9.4-33.9 0l-11 10.9c-9.5 9.6-9.3 25.1.4 34.4z\"><\/path><\/svg><\/a><\/div>\t\t\t\t<\/div>\n\t\t\t\t<\/div>\n\t\t\t\t\t<\/div>\n\t\t\t\t<\/div>\n\t\t\t\t<\/div>\n\t\t","protected":false},"excerpt":{"rendered":"<p>Comment faire un don Vous pouvez nous aider \u00e0 RESTAURER et PROT\u00c9GER le bassin versant du ruisseau Bouchard en faisant un don. La Fondation Ruisseau Bouchard est un organisme de bienfaisance sans but lucratif enregistr\u00e9 aupr\u00e8s de l&rsquo;ARC depuis 2021 : Num\u00e9ro d&rsquo;enregistrement ARC : 779830108 RR 0001 Num\u00e9ro d&rsquo;entreprise QC : 1176978824 Site Web&hellip;<\/p>\n","protected":false},"author":1,"featured_media":731,"parent":0,"menu_order":0,"comment_status":"closed","ping_status":"closed","template":"","meta":{"footnotes":""},"class_list":["post-42761","page","type-page","status-publish","has-post-thumbnail","hentry"],"_links":{"self":[{"href":"https:\/\/fondationruisseaubouchard.org\/fr\/wp-json\/wp\/v2\/pages\/42761","targetHints":{"allow":["GET"]}}],"collection":[{"href":"https:\/\/fondationruisseaubouchard.org\/fr\/wp-json\/wp\/v2\/pages"}],"about":[{"href":"https:\/\/fondationruisseaubouchard.org\/fr\/wp-json\/wp\/v2\/types\/page"}],"author":[{"embeddable":true,"href":"https:\/\/fondationruisseaubouchard.org\/fr\/wp-json\/wp\/v2\/users\/1"}],"replies":[{"embeddable":true,"href":"https:\/\/fondationruisseaubouchard.org\/fr\/wp-json\/wp\/v2\/comments?post=42761"}],"version-history":[{"count":12,"href":"https:\/\/fondationruisseaubouchard.org\/fr\/wp-json\/wp\/v2\/pages\/42761\/revisions"}],"predecessor-version":[{"id":44079,"href":"https:\/\/fondationruisseaubouchard.org\/fr\/wp-json\/wp\/v2\/pages\/42761\/revisions\/44079"}],"wp:featuredmedia":[{"embeddable":true,"href":"https:\/\/fondationruisseaubouchard.org\/fr\/wp-json\/wp\/v2\/media\/731"}],"wp:attachment":[{"href":"https:\/\/fondationruisseaubouchard.org\/fr\/wp-json\/wp\/v2\/media?parent=42761"}],"curies":[{"name":"wp","href":"https:\/\/api.w.org\/{rel}","templated":true}]}}