{"id":42738,"date":"2025-05-23T14:41:12","date_gmt":"2025-05-23T14:41:12","guid":{"rendered":"https:\/\/fondationruisseaubouchard.org\/digital-twin\/"},"modified":"2026-02-07T20:36:38","modified_gmt":"2026-02-07T20:36:38","slug":"jumeau-numerique","status":"publish","type":"page","link":"https:\/\/fondationruisseaubouchard.org\/fr\/jumeau-numerique\/","title":{"rendered":"Jumeau num\u00e9rique"},"content":{"rendered":"\t\t<div data-elementor-type=\"wp-page\" data-elementor-id=\"42738\" class=\"elementor elementor-42738 elementor-80\" data-elementor-post-type=\"page\">\n\t\t\t\t<div class=\"elementor-element elementor-element-b538d55 e-flex e-con-boxed e-con e-parent\" data-id=\"b538d55\" data-element_type=\"container\" data-e-type=\"container\">\n\t\t\t\t\t<div class=\"e-con-inner\">\n\t\t\t\t<div class=\"elementor-element elementor-element-8f7585a elementor-widget elementor-widget-heading\" data-id=\"8f7585a\" data-element_type=\"widget\" data-e-type=\"widget\" data-widget_type=\"heading.default\">\n\t\t\t\t\t<h2 class=\"elementor-heading-title elementor-size-default\">Jumeau num\u00e9rique<\/h2>\t\t\t\t<\/div>\n\t\t\t\t<div class=\"elementor-element elementor-element-e2926e3 elementor-widget elementor-widget-text-editor\" data-id=\"e2926e3\" data-element_type=\"widget\" data-e-type=\"widget\" data-widget_type=\"text-editor.default\">\n\t\t\t\t\t\t\t\t\t<p><img fetchpriority=\"high\" decoding=\"async\" class=\"size-medium wp-image-41382 alignright\" src=\"https:\/\/fondationruisseaubouchard.org\/wp-content\/uploads\/2025\/09\/Digital-Twin-300x228.jpg\" alt=\"\" width=\"300\" height=\"228\" srcset=\"https:\/\/fondationruisseaubouchard.org\/wp-content\/uploads\/2025\/09\/Digital-Twin-300x228.jpg 300w, https:\/\/fondationruisseaubouchard.org\/wp-content\/uploads\/2025\/09\/Digital-Twin.jpg 622w\" sizes=\"(max-width: 300px) 100vw, 300px\" \/>Un jumeau num\u00e9rique d&rsquo;un bassin versant urbain est une repr\u00e9sentation virtuelle dynamique d&rsquo;un bassin versant urbain r\u00e9el. Il int\u00e8gre diverses sources de donn\u00e9es, mod\u00e8les et analyses afin de refl\u00e9ter le bassin versant physique et de simuler son comportement dans diff\u00e9rentes conditions.<\/p>\t\t\t\t\t\t\t\t<\/div>\n\t\t\t\t\t<\/div>\n\t\t\t\t<\/div>\n\t\t<div class=\"elementor-element elementor-element-0004692 e-flex e-con-boxed e-con e-parent\" data-id=\"0004692\" data-element_type=\"container\" data-e-type=\"container\">\n\t\t\t\t\t<div class=\"e-con-inner\">\n\t\t\t\t<div class=\"elementor-element elementor-element-ee155ac elementor-widget elementor-widget-text-editor\" data-id=\"ee155ac\" data-element_type=\"widget\" data-e-type=\"widget\" data-widget_type=\"text-editor.default\">\n\t\t\t\t\t\t\t\t\t<p><strong>Voici un aper\u00e7u de ce que cela implique :<\/strong><\/p>\t\t\t\t\t\t\t\t<\/div>\n\t\t<div class=\"elementor-element elementor-element-26f98b4 e-con-full e-flex e-con e-child\" data-id=\"26f98b4\" data-element_type=\"container\" data-e-type=\"container\">\n\t\t\t\t<div class=\"elementor-element elementor-element-26bfdf2 elementor-widget elementor-widget-heading\" data-id=\"26bfdf2\" data-element_type=\"widget\" data-e-type=\"widget\" data-widget_type=\"heading.default\">\n\t\t\t\t\t<h2 class=\"elementor-heading-title elementor-size-default\">Repr\u00e9sentation num\u00e9rique<\/h2>\t\t\t\t<\/div>\n\t\t\t\t<div class=\"elementor-element elementor-element-8f5f885 elementor-widget elementor-widget-text-editor\" data-id=\"8f5f885\" data-element_type=\"widget\" data-e-type=\"widget\" data-widget_type=\"text-editor.default\">\n\t\t\t\t\t\t\t\t\t<p>Il s&rsquo;agit d&rsquo;un mod\u00e8le informatique qui inclut les composants physiques du bassin versant urbain, tels que :<\/p><ul><li><strong>Le terrain et la topographie<\/strong> : repr\u00e9sentant la surface terrestre et ses pentes.<\/li><li><strong>Les plans d&rsquo;eau<\/strong> : rivi\u00e8res, ruisseaux, lacs, zones humides et aquif\u00e8res souterrains.<\/li><li><strong>Infrastructures<\/strong> : syst\u00e8mes de drainage des eaux pluviales (canalisations, ponceaux, foss\u00e9s), stations d&rsquo;\u00e9puration, r\u00e9servoirs et autres structures b\u00e2ties pertinentes.<\/li><li><strong>D\u00e9veloppement urbain<\/strong> : b\u00e2timents, routes, parkings et autres surfaces imperm\u00e9ables qui ont un impact significatif sur l&rsquo;\u00e9coulement de l&rsquo;eau.<\/li><li><strong>Espaces verts<\/strong> : parcs, v\u00e9g\u00e9tation et zones perm\u00e9ables qui influencent l&rsquo;infiltration et le ruissellement.<\/li><\/ul>\t\t\t\t\t\t\t\t<\/div>\n\t\t\t\t<\/div>\n\t\t<div class=\"elementor-element elementor-element-81f6be5 e-con-full e-flex e-con e-child\" data-id=\"81f6be5\" data-element_type=\"container\" data-e-type=\"container\">\n\t\t\t\t<div class=\"elementor-element elementor-element-2beed6f elementor-widget elementor-widget-heading\" data-id=\"2beed6f\" data-element_type=\"widget\" data-e-type=\"widget\" data-widget_type=\"heading.default\">\n\t\t\t\t\t<h2 class=\"elementor-heading-title elementor-size-default\">Int\u00e9gration des donn\u00e9es<\/h2>\t\t\t\t<\/div>\n\t\t\t\t<div class=\"elementor-element elementor-element-9876406 elementor-widget elementor-widget-text-editor\" data-id=\"9876406\" data-element_type=\"widget\" data-e-type=\"widget\" data-widget_type=\"text-editor.default\">\n\t\t\t\t\t\t\t\t\t<p>Il rassemble des donn\u00e9es en temps r\u00e9el et historiques provenant de diverses sources, notamment :<\/p><ul><li><strong>Capteurs <\/strong>: surveillance des pr\u00e9cipitations, du d\u00e9bit des cours d&rsquo;eau, de la qualit\u00e9 de l&rsquo;eau, de l&rsquo;humidit\u00e9 du sol et d&rsquo;autres param\u00e8tres environnementaux.<\/li><li><strong>T\u00e9l\u00e9d\u00e9tection<\/strong> : images satellites et a\u00e9riennes fournissant des donn\u00e9es sur la couverture terrestre, la sant\u00e9 de la v\u00e9g\u00e9tation et l&rsquo;\u00e9tendue des eaux.<\/li><li><strong>Syst\u00e8mes d&rsquo;information g\u00e9ographique (SIG)<\/strong> : donn\u00e9es spatiales sur les infrastructures, l&rsquo;utilisation des sols et les limites administratives.<\/li><li><strong>Donn\u00e9es op\u00e9rationnelles<\/strong> : informations provenant des installations de gestion de l&rsquo;eau.<\/li><li><strong>Pr\u00e9visions m\u00e9t\u00e9orologiques<\/strong> : pr\u00e9vision des pr\u00e9cipitations et des temp\u00e9ratures futures.<i><\/i><\/li><\/ul>\t\t\t\t\t\t\t\t<\/div>\n\t\t\t\t<\/div>\n\t\t<div class=\"elementor-element elementor-element-659ad40 e-con-full e-flex e-con e-child\" data-id=\"659ad40\" data-element_type=\"container\" data-e-type=\"container\">\n\t\t\t\t<div class=\"elementor-element elementor-element-9258fc1 elementor-widget elementor-widget-heading\" data-id=\"9258fc1\" data-element_type=\"widget\" data-e-type=\"widget\" data-widget_type=\"heading.default\">\n\t\t\t\t\t<h2 class=\"elementor-heading-title elementor-size-default\">Mod\u00e8les de simulation<\/h2>\t\t\t\t<\/div>\n\t\t\t\t<div class=\"elementor-element elementor-element-b72b7a8 elementor-widget elementor-widget-text-editor\" data-id=\"b72b7a8\" data-element_type=\"widget\" data-e-type=\"widget\" data-widget_type=\"text-editor.default\">\n\t\t\t\t\t\t\t\t\t<p>Il int\u00e8gre des mod\u00e8les hydrologiques et hydrauliques pour simuler divers processus au sein du bassin versant, tels que :<\/p><ul><li><strong>Processus de pr\u00e9cipitations-ruissellement<\/strong> : pr\u00e9diction de la mani\u00e8re dont les pr\u00e9cipitations se traduisent en ruissellement de surface.<\/li><li><strong>\u00c9coulement de l&rsquo;eau<\/strong> : mod\u00e9lisation du mouvement de l&rsquo;eau \u00e0 travers les rivi\u00e8res, les ruisseaux et le r\u00e9seau d&rsquo;eaux pluviales.<\/li><li><strong>Qualit\u00e9 de l&rsquo;eau<\/strong> : simulation du transport et de la transformation des polluants.<\/li><li><strong>\u00c9coulement et recharge des eaux souterraines.<\/strong><\/li><li><strong>Impact des changements d&rsquo;utilisation des sols et des sc\u00e9narios de changement climatique.<\/strong><\/li><\/ul>\t\t\t\t\t\t\t\t<\/div>\n\t\t\t\t<\/div>\n\t\t<div class=\"elementor-element elementor-element-16f8ce6 e-con-full e-flex e-con e-child\" data-id=\"16f8ce6\" data-element_type=\"container\" data-e-type=\"container\">\n\t\t\t\t<div class=\"elementor-element elementor-element-a819e00 elementor-widget elementor-widget-heading\" data-id=\"a819e00\" data-element_type=\"widget\" data-e-type=\"widget\" data-widget_type=\"heading.default\">\n\t\t\t\t\t<h2 class=\"elementor-heading-title elementor-size-default\">Analyses et visualisation<\/h2>\t\t\t\t<\/div>\n\t\t\t\t<div class=\"elementor-element elementor-element-4b6a07e elementor-widget elementor-widget-text-editor\" data-id=\"4b6a07e\" data-element_type=\"widget\" data-e-type=\"widget\" data-widget_type=\"text-editor.default\">\n\t\t\t\t\t\t\t\t\t<p>Il utilise des outils analytiques et des techniques de visualisation pour :<\/p><ul><li><strong>Surveiller les conditions actuelles<\/strong> : fournir une compr\u00e9hension en temps r\u00e9el de l&rsquo;\u00e9tat du bassin versant.<\/li><li><strong>Pr\u00e9voir les conditions futures<\/strong> : pr\u00e9dire les inondations, les s\u00e9cheresses ou les probl\u00e8mes de qualit\u00e9 de l&rsquo;eau potentiels.<\/li><li><strong>\u00c9valuer l&rsquo;impact de diff\u00e9rents sc\u00e9narios<\/strong> : \u00e9valuer l&rsquo;efficacit\u00e9 de diverses strat\u00e9gies de gestion ou modifications des infrastructures.<\/li><li><strong>Communiquer les informations<\/strong> : pr\u00e9senter des informations complexes dans un format compr\u00e9hensible pour les d\u00e9cideurs et les parties prenantes.<\/li><\/ul>\t\t\t\t\t\t\t\t<\/div>\n\t\t\t\t<\/div>\n\t\t\t\t\t<\/div>\n\t\t\t\t<\/div>\n\t\t<div class=\"elementor-element elementor-element-1833a984 e-flex e-con-boxed e-con e-parent\" data-id=\"1833a984\" data-element_type=\"container\" data-e-type=\"container\" data-settings=\"{&quot;background_background&quot;:&quot;classic&quot;}\">\n\t\t\t\t\t<div class=\"e-con-inner\">\n\t\t\t\t<div class=\"elementor-element elementor-element-1ed2896e elementor-widget elementor-widget-text-editor\" data-id=\"1ed2896e\" data-element_type=\"widget\" data-e-type=\"widget\" data-widget_type=\"text-editor.default\">\n\t\t\t\t\t\t\t\t\t<h4 style=\"text-align: center;\"><strong>En substance, un jumeau num\u00e9rique agit comme un laboratoire virtuel pour un bassin versant urbain, permettant l&rsquo;exp\u00e9rimentation, l&rsquo;analyse et la prise de d\u00e9cisions \u00e9clair\u00e9es sans manipuler directement l&rsquo;environnement r\u00e9el.<\/strong><\/h4>\t\t\t\t\t\t\t\t<\/div>\n\t\t\t\t\t<\/div>\n\t\t\t\t<\/div>\n\t\t<div class=\"elementor-element elementor-element-2d1b59d e-flex e-con-boxed e-con e-parent\" data-id=\"2d1b59d\" data-element_type=\"container\" data-e-type=\"container\">\n\t\t\t\t\t<div class=\"e-con-inner\">\n\t\t\t\t<div class=\"elementor-element elementor-element-e6bb657 elementor-widget elementor-widget-heading\" data-id=\"e6bb657\" data-element_type=\"widget\" data-e-type=\"widget\" data-widget_type=\"heading.default\">\n\t\t\t\t\t<h2 class=\"elementor-heading-title elementor-size-default\">Applications des jumeaux num\u00e9riques dans la gestion des bassins versants urbains :<\/h2>\t\t\t\t<\/div>\n\t\t<div class=\"elementor-element elementor-element-c506691 e-con-full e-flex e-con e-child\" data-id=\"c506691\" data-element_type=\"container\" data-e-type=\"container\">\n\t\t\t\t<div class=\"elementor-element elementor-element-e417d07 elementor-widget elementor-widget-heading\" data-id=\"e417d07\" data-element_type=\"widget\" data-e-type=\"widget\" data-widget_type=\"heading.default\">\n\t\t\t\t\t<h2 class=\"elementor-heading-title elementor-size-default\">Gestion des inondations<\/h2>\t\t\t\t<\/div>\n\t\t\t\t<div class=\"elementor-element elementor-element-ea896b9 elementor-widget elementor-widget-text-editor\" data-id=\"ea896b9\" data-element_type=\"widget\" data-e-type=\"widget\" data-widget_type=\"text-editor.default\">\n\t\t\t\t\t\t\t\t\t<p>Simulation d&rsquo;inondations, \u00e9valuation de la vuln\u00e9rabilit\u00e9 et optimisation de la conception et du fonctionnement des infrastructures de contr\u00f4le des inondations.<\/p>\t\t\t\t\t\t\t\t<\/div>\n\t\t\t\t<\/div>\n\t\t<div class=\"elementor-element elementor-element-21af097 e-con-full e-flex e-con e-child\" data-id=\"21af097\" data-element_type=\"container\" data-e-type=\"container\">\n\t\t\t\t<div class=\"elementor-element elementor-element-25bee58 elementor-widget elementor-widget-heading\" data-id=\"25bee58\" data-element_type=\"widget\" data-e-type=\"widget\" data-widget_type=\"heading.default\">\n\t\t\t\t\t<h2 class=\"elementor-heading-title elementor-size-default\">Gestion de la qualit\u00e9 de l'eau<\/h2>\t\t\t\t<\/div>\n\t\t\t\t<div class=\"elementor-element elementor-element-ddfe17b elementor-widget elementor-widget-text-editor\" data-id=\"ddfe17b\" data-element_type=\"widget\" data-e-type=\"widget\" data-widget_type=\"text-editor.default\">\n\t\t\t\t\t\t\t\t\t<p>Pr\u00e9voir le transport des polluants, identifier les sources de contamination et \u00e9valuer l&rsquo;efficacit\u00e9 des mesures d&rsquo;att\u00e9nuation.<\/p>\t\t\t\t\t\t\t\t<\/div>\n\t\t\t\t<\/div>\n\t\t<div class=\"elementor-element elementor-element-67ab0fb e-con-full e-flex e-con e-child\" data-id=\"67ab0fb\" data-element_type=\"container\" data-e-type=\"container\">\n\t\t\t\t<div class=\"elementor-element elementor-element-4ae3129 elementor-widget elementor-widget-heading\" data-id=\"4ae3129\" data-element_type=\"widget\" data-e-type=\"widget\" data-widget_type=\"heading.default\">\n\t\t\t\t\t<h2 class=\"elementor-heading-title elementor-size-default\">Gestion des eaux pluviales<\/h2>\t\t\t\t<\/div>\n\t\t\t\t<div class=\"elementor-element elementor-element-d9e1d7e elementor-widget elementor-widget-text-editor\" data-id=\"d9e1d7e\" data-element_type=\"widget\" data-e-type=\"widget\" data-widget_type=\"text-editor.default\">\n\t\t\t\t\t\t\t\t\t<p>Optimiser la conception et le fonctionnement des infrastructures vertes et des syst\u00e8mes de drainage afin de r\u00e9duire le ruissellement et la pollution.<\/p>\t\t\t\t\t\t\t\t<\/div>\n\t\t\t\t<\/div>\n\t\t<div class=\"elementor-element elementor-element-ee7085e e-con-full e-flex e-con e-child\" data-id=\"ee7085e\" data-element_type=\"container\" data-e-type=\"container\">\n\t\t\t\t<div class=\"elementor-element elementor-element-a1464f1 elementor-widget elementor-widget-heading\" data-id=\"a1464f1\" data-element_type=\"widget\" data-e-type=\"widget\" data-widget_type=\"heading.default\">\n\t\t\t\t\t<h2 class=\"elementor-heading-title elementor-size-default\">Gestion des ressources en eau<\/h2>\t\t\t\t<\/div>\n\t\t\t\t<div class=\"elementor-element elementor-element-c93b770 elementor-widget elementor-widget-text-editor\" data-id=\"c93b770\" data-element_type=\"widget\" data-e-type=\"widget\" data-widget_type=\"text-editor.default\">\n\t\t\t\t\t\t\t\t\t<p>\u00c9valuer la disponibilit\u00e9 en eau, simuler l&rsquo;impact des s\u00e9cheresses et optimiser les strat\u00e9gies d&rsquo;allocation de l&rsquo;eau.<\/p>\t\t\t\t\t\t\t\t<\/div>\n\t\t\t\t<\/div>\n\t\t<div class=\"elementor-element elementor-element-bba36fc e-con-full e-flex e-con e-child\" data-id=\"bba36fc\" data-element_type=\"container\" data-e-type=\"container\">\n\t\t\t\t<div class=\"elementor-element elementor-element-99e7270 elementor-widget elementor-widget-heading\" data-id=\"99e7270\" data-element_type=\"widget\" data-e-type=\"widget\" data-widget_type=\"heading.default\">\n\t\t\t\t\t<h2 class=\"elementor-heading-title elementor-size-default\">Planification des infrastructures<\/h2>\t\t\t\t<\/div>\n\t\t\t\t<div class=\"elementor-element elementor-element-7aac7fd elementor-widget elementor-widget-text-editor\" data-id=\"7aac7fd\" data-element_type=\"widget\" data-e-type=\"widget\" data-widget_type=\"text-editor.default\">\n\t\t\t\t\t\t\t\t\t<p>\u00c9valuer les performances des infrastructures existantes et planifier les mises \u00e0 niveau ou extensions futures.<\/p>\t\t\t\t\t\t\t\t<\/div>\n\t\t\t\t<\/div>\n\t\t<div class=\"elementor-element elementor-element-af627f5 e-con-full e-flex e-con e-child\" data-id=\"af627f5\" data-element_type=\"container\" data-e-type=\"container\">\n\t\t\t\t<div class=\"elementor-element elementor-element-829918a elementor-widget elementor-widget-heading\" data-id=\"829918a\" data-element_type=\"widget\" data-e-type=\"widget\" data-widget_type=\"heading.default\">\n\t\t\t\t\t<h2 class=\"elementor-heading-title elementor-size-default\">Adaptation au changement climatique<\/h2>\t\t\t\t<\/div>\n\t\t\t\t<div class=\"elementor-element elementor-element-4e2654c elementor-widget elementor-widget-text-editor\" data-id=\"4e2654c\" data-element_type=\"widget\" data-e-type=\"widget\" data-widget_type=\"text-editor.default\">\n\t\t\t\t\t\t\t\t\t<p>\u00c9valuer les impacts du changement climatique sur le bassin versant et \u00e9laborer des strat\u00e9gies d&rsquo;adaptation.<\/p>\t\t\t\t\t\t\t\t<\/div>\n\t\t\t\t<\/div>\n\t\t<div class=\"elementor-element elementor-element-d414e44 e-con-full e-flex e-con e-child\" data-id=\"d414e44\" data-element_type=\"container\" data-e-type=\"container\">\n\t\t\t\t<div class=\"elementor-element elementor-element-ed6aa30 elementor-widget elementor-widget-heading\" data-id=\"ed6aa30\" data-element_type=\"widget\" data-e-type=\"widget\" data-widget_type=\"heading.default\">\n\t\t\t\t\t<h2 class=\"elementor-heading-title elementor-size-default\">Engagement des parties prenantes<\/h2>\t\t\t\t<\/div>\n\t\t\t\t<div class=\"elementor-element elementor-element-d28f45d elementor-widget elementor-widget-text-editor\" data-id=\"d28f45d\" data-element_type=\"widget\" data-e-type=\"widget\" data-widget_type=\"text-editor.default\">\n\t\t\t\t\t\t\t\t\t<p>Fournir une plateforme permettant de visualiser et de comprendre les questions complexes li\u00e9es \u00e0 la gestion de l&rsquo;eau, et faciliter la collaboration entre les diff\u00e9rentes parties prenantes.<\/p>\t\t\t\t\t\t\t\t<\/div>\n\t\t\t\t<\/div>\n\t\t\t\t\t<\/div>\n\t\t\t\t<\/div>\n\t\t<div class=\"elementor-element elementor-element-0b17a53 e-flex e-con-boxed e-con e-parent\" data-id=\"0b17a53\" data-element_type=\"container\" data-e-type=\"container\" data-settings=\"{&quot;background_background&quot;:&quot;classic&quot;}\">\n\t\t\t\t\t<div class=\"e-con-inner\">\n\t\t\t\t<div class=\"elementor-element elementor-element-28f946b elementor-widget elementor-widget-text-editor\" data-id=\"28f946b\" data-element_type=\"widget\" data-e-type=\"widget\" data-widget_type=\"text-editor.default\">\n\t\t\t\t\t\t\t\t\t<h4 style=\"text-align: center;\"><strong>En fournissant une compr\u00e9hension compl\u00e8te et dynamique des bassins versants urbains, les jumeaux num\u00e9riques deviennent des outils puissants pour cr\u00e9er des villes plus r\u00e9silientes, durables et vivables.<\/strong><\/h4>\t\t\t\t\t\t\t\t<\/div>\n\t\t\t\t\t<\/div>\n\t\t\t\t<\/div>\n\t\t<div class=\"elementor-element elementor-element-f38457b e-flex e-con-boxed e-con e-parent\" data-id=\"f38457b\" data-element_type=\"container\" data-e-type=\"container\">\n\t\t\t\t\t<div class=\"e-con-inner\">\n\t\t\t\t<div class=\"elementor-element elementor-element-24ea55a elementor-widget elementor-widget-text-editor\" data-id=\"24ea55a\" data-element_type=\"widget\" data-e-type=\"widget\" data-widget_type=\"text-editor.default\">\n\t\t\t\t\t\t\t\t\t<p>Notre partenaire principal dans le d\u00e9veloppement d&rsquo;un jumeau num\u00e9rique du bassin versant du ruisseau Bouchard est :<\/p><p><strong>L&rsquo;UNIVERSIT\u00c9 DE LAVAL<\/strong><br \/><strong>Mir Abolfazl Mostafavi, Ing., Ph. D.<\/strong><br \/>Professeur titulaire, D\u00e9partement de g\u00e9omatique, Universit\u00e9 Laval<br \/>Chaire de recherche du Canada en villes intelligentes et inclusives et en mobilit\u00e9<br \/>R\u00e9dacteur en chef de la revue GEOMATICA<br \/>Pr\u00e9sident de l&rsquo;Institut canadien de g\u00e9omatique (ICG)<br \/>Chercheur r\u00e9gulier au Centre de recherche en donn\u00e9es et intelligence g\u00e9ospatiale (CRDIG)<br \/>Chercheur r\u00e9gulier au Centre de recherche interdisciplinaire en r\u00e9adaptation et en int\u00e9gration sociale (CIRRIS)<\/p>\t\t\t\t\t\t\t\t<\/div>\n\t\t\t\t<div class=\"elementor-element elementor-element-c2224a2 elementor-widget elementor-widget-heading\" data-id=\"c2224a2\" data-element_type=\"widget\" data-e-type=\"widget\" data-widget_type=\"heading.default\">\n\t\t\t\t\t<h2 class=\"elementor-heading-title elementor-size-default\">Vid\u00e9o sur le jumeau num\u00e9rique<\/h2>\t\t\t\t<\/div>\n\t\t\t\t<div class=\"elementor-element elementor-element-4443097 elementor-widget elementor-widget-video\" data-id=\"4443097\" data-element_type=\"widget\" data-e-type=\"widget\" data-settings=\"{&quot;youtube_url&quot;:&quot;https:\\\/\\\/www.youtube.com\\\/watch?v=Uij8ZRDhzoU&amp;t=1s&quot;,&quot;video_type&quot;:&quot;youtube&quot;,&quot;controls&quot;:&quot;yes&quot;}\" data-widget_type=\"video.default\">\n\t\t\t\t\t\t\t<div class=\"elementor-wrapper elementor-open-inline\">\n\t\t\t<div class=\"elementor-video\"><\/div>\t\t<\/div>\n\t\t\t\t\t\t<\/div>\n\t\t\t\t\t<\/div>\n\t\t\t\t<\/div>\n\t\t\t\t<\/div>\n\t\t","protected":false},"excerpt":{"rendered":"<p>Jumeau num\u00e9rique Un jumeau num\u00e9rique d&rsquo;un bassin versant urbain est une repr\u00e9sentation virtuelle dynamique d&rsquo;un bassin versant urbain r\u00e9el. Il int\u00e8gre diverses sources de donn\u00e9es, mod\u00e8les et analyses afin de refl\u00e9ter le bassin versant physique et de simuler son comportement dans diff\u00e9rentes conditions. Voici un aper\u00e7u de ce que cela implique : Repr\u00e9sentation num\u00e9rique Il&hellip;<\/p>\n","protected":false},"author":1,"featured_media":731,"parent":0,"menu_order":0,"comment_status":"closed","ping_status":"closed","template":"","meta":{"footnotes":""},"class_list":["post-42738","page","type-page","status-publish","has-post-thumbnail","hentry"],"_links":{"self":[{"href":"https:\/\/fondationruisseaubouchard.org\/fr\/wp-json\/wp\/v2\/pages\/42738","targetHints":{"allow":["GET"]}}],"collection":[{"href":"https:\/\/fondationruisseaubouchard.org\/fr\/wp-json\/wp\/v2\/pages"}],"about":[{"href":"https:\/\/fondationruisseaubouchard.org\/fr\/wp-json\/wp\/v2\/types\/page"}],"author":[{"embeddable":true,"href":"https:\/\/fondationruisseaubouchard.org\/fr\/wp-json\/wp\/v2\/users\/1"}],"replies":[{"embeddable":true,"href":"https:\/\/fondationruisseaubouchard.org\/fr\/wp-json\/wp\/v2\/comments?post=42738"}],"version-history":[{"count":26,"href":"https:\/\/fondationruisseaubouchard.org\/fr\/wp-json\/wp\/v2\/pages\/42738\/revisions"}],"predecessor-version":[{"id":43495,"href":"https:\/\/fondationruisseaubouchard.org\/fr\/wp-json\/wp\/v2\/pages\/42738\/revisions\/43495"}],"wp:featuredmedia":[{"embeddable":true,"href":"https:\/\/fondationruisseaubouchard.org\/fr\/wp-json\/wp\/v2\/media\/731"}],"wp:attachment":[{"href":"https:\/\/fondationruisseaubouchard.org\/fr\/wp-json\/wp\/v2\/media?parent=42738"}],"curies":[{"name":"wp","href":"https:\/\/api.w.org\/{rel}","templated":true}]}}