{"id":42737,"date":"2025-05-23T14:42:33","date_gmt":"2025-05-23T14:42:33","guid":{"rendered":"https:\/\/fondationruisseaubouchard.org\/daylighting\/"},"modified":"2026-02-07T21:41:28","modified_gmt":"2026-02-07T21:41:28","slug":"eclairage-naturel","status":"publish","type":"page","link":"https:\/\/fondationruisseaubouchard.org\/fr\/eclairage-naturel\/","title":{"rendered":"Remise \u00e0 ciel ouvert"},"content":{"rendered":"\t\t<div data-elementor-type=\"wp-page\" data-elementor-id=\"42737\" class=\"elementor elementor-42737 elementor-90\" data-elementor-post-type=\"page\">\n\t\t\t\t<div class=\"elementor-element elementor-element-79ffb60 e-flex e-con-boxed e-con e-parent\" data-id=\"79ffb60\" data-element_type=\"container\" data-e-type=\"container\">\n\t\t\t\t\t<div class=\"e-con-inner\">\n\t\t\t\t<div class=\"elementor-element elementor-element-a2cc3fd elementor-widget elementor-widget-heading\" data-id=\"a2cc3fd\" data-element_type=\"widget\" data-e-type=\"widget\" data-widget_type=\"heading.default\">\n\t\t\t\t\t<h2 class=\"elementor-heading-title elementor-size-default\">Remise \u00e0 ciel ouvert <\/h2>\t\t\t\t<\/div>\n\t\t<div class=\"elementor-element elementor-element-1ea5fad e-con-full e-flex e-con e-child\" data-id=\"1ea5fad\" data-element_type=\"container\" data-e-type=\"container\">\n\t\t<div class=\"elementor-element elementor-element-4c470dd e-con-full e-flex e-con e-child\" data-id=\"4c470dd\" data-element_type=\"container\" data-e-type=\"container\">\n\t\t\t\t<div class=\"elementor-element elementor-element-a301845 elementor-widget__width-initial elementor-widget-laptop__width-initial elementor-widget-tablet_extra__width-initial elementor-widget-tablet__width-initial elementor-widget elementor-widget-text-editor\" data-id=\"a301845\" data-element_type=\"widget\" data-e-type=\"widget\" data-widget_type=\"text-editor.default\">\n\t\t\t\t\t\t\t\t\t<p>Le terme remise \u00e0 ciel ouvert, ou \u00ab Daylighting \u00bb, d\u00e9signe la restauration d&rsquo;un cours d&rsquo;eau initialement \u00e0 ciel ouvert qui a \u00e9t\u00e9 d\u00e9tourn\u00e9 sous terre et qui peut \u00eatre reconverti en canal \u00e0 ciel ouvert. En g\u00e9n\u00e9ral, la raison pour laquelle on souhaite redonner \u00e0 un ruisseau urbain d\u00e9sormais cach\u00e9 un aspect plus naturel est de g\u00e9rer les eaux de ruissellement et les inondations, de cr\u00e9er un habitat pour les plantes et les animaux indig\u00e8nes et d&rsquo;am\u00e9liorer la qualit\u00e9 de l&rsquo;eau gr\u00e2ce \u00e0 une filtration naturelle.<\/p>\t\t\t\t\t\t\t\t<\/div>\n\t\t\t\t<\/div>\n\t\t\t\t<div class=\"elementor-element elementor-element-2d6cfe5 elementor-widget elementor-widget-image\" data-id=\"2d6cfe5\" data-element_type=\"widget\" data-e-type=\"widget\" data-widget_type=\"image.default\">\n\t\t\t\t\t\t\t\t\t\t\t\t\t\t\t<img fetchpriority=\"high\" decoding=\"async\" width=\"1024\" height=\"576\" src=\"https:\/\/fondationruisseaubouchard.org\/wp-content\/uploads\/2025\/09\/PXL_20250408_001719857-1024x576.jpg\" class=\"attachment-large size-large wp-image-41094\" alt=\"\" srcset=\"https:\/\/fondationruisseaubouchard.org\/wp-content\/uploads\/2025\/09\/PXL_20250408_001719857-1024x576.jpg 1024w, https:\/\/fondationruisseaubouchard.org\/wp-content\/uploads\/2025\/09\/PXL_20250408_001719857-300x169.jpg 300w, https:\/\/fondationruisseaubouchard.org\/wp-content\/uploads\/2025\/09\/PXL_20250408_001719857-768x432.jpg 768w, https:\/\/fondationruisseaubouchard.org\/wp-content\/uploads\/2025\/09\/PXL_20250408_001719857-1536x864.jpg 1536w, https:\/\/fondationruisseaubouchard.org\/wp-content\/uploads\/2025\/09\/PXL_20250408_001719857-2048x1152.jpg 2048w\" sizes=\"(max-width: 1024px) 100vw, 1024px\" \/>\t\t\t\t\t\t\t\t\t\t\t\t\t\t\t<\/div>\n\t\t\t\t<\/div>\n\t\t\t\t\t<\/div>\n\t\t\t\t<\/div>\n\t\t<div class=\"elementor-element elementor-element-81eaa7b e-flex e-con-boxed e-con e-parent\" data-id=\"81eaa7b\" data-element_type=\"container\" data-e-type=\"container\">\n\t\t\t\t\t<div class=\"e-con-inner\">\n\t\t<div class=\"elementor-element elementor-element-c1613e2 e-flex e-con-boxed e-con e-child\" data-id=\"c1613e2\" data-element_type=\"container\" data-e-type=\"container\">\n\t\t\t\t\t<div class=\"e-con-inner\">\n\t\t\t\t<div class=\"elementor-element elementor-element-ecc0cb8 elementor-widget elementor-widget-image\" data-id=\"ecc0cb8\" data-element_type=\"widget\" data-e-type=\"widget\" data-widget_type=\"image.default\">\n\t\t\t\t\t\t\t\t\t\t\t\t\t\t\t<img decoding=\"async\" width=\"768\" height=\"326\" src=\"https:\/\/fondationruisseaubouchard.org\/wp-content\/uploads\/2025\/05\/Screenshot-2025-05-25-192049-768x326.png\" class=\"attachment-medium_large size-medium_large wp-image-438\" alt=\"\" srcset=\"https:\/\/fondationruisseaubouchard.org\/wp-content\/uploads\/2025\/05\/Screenshot-2025-05-25-192049-768x326.png 768w, https:\/\/fondationruisseaubouchard.org\/wp-content\/uploads\/2025\/05\/Screenshot-2025-05-25-192049-300x127.png 300w, https:\/\/fondationruisseaubouchard.org\/wp-content\/uploads\/2025\/05\/Screenshot-2025-05-25-192049.png 862w\" sizes=\"(max-width: 768px) 100vw, 768px\" \/>\t\t\t\t\t\t\t\t\t\t\t\t\t\t\t<\/div>\n\t\t\t\t<div class=\"elementor-element elementor-element-e6c2ec4 elementor-widget elementor-widget-image\" data-id=\"e6c2ec4\" data-element_type=\"widget\" data-e-type=\"widget\" data-widget_type=\"image.default\">\n\t\t\t\t\t\t\t\t\t\t\t\t\t\t\t<img decoding=\"async\" width=\"768\" height=\"354\" src=\"https:\/\/fondationruisseaubouchard.org\/wp-content\/uploads\/2025\/05\/Screenshot-2025-05-25-192022-768x354.png\" class=\"attachment-medium_large size-medium_large wp-image-439\" alt=\"\" srcset=\"https:\/\/fondationruisseaubouchard.org\/wp-content\/uploads\/2025\/05\/Screenshot-2025-05-25-192022-768x354.png 768w, https:\/\/fondationruisseaubouchard.org\/wp-content\/uploads\/2025\/05\/Screenshot-2025-05-25-192022-300x138.png 300w, https:\/\/fondationruisseaubouchard.org\/wp-content\/uploads\/2025\/05\/Screenshot-2025-05-25-192022.png 811w\" sizes=\"(max-width: 768px) 100vw, 768px\" \/>\t\t\t\t\t\t\t\t\t\t\t\t\t\t\t<\/div>\n\t\t\t\t\t<\/div>\n\t\t\t\t<\/div>\n\t\t\t\t\t<\/div>\n\t\t\t\t<\/div>\n\t\t<div class=\"elementor-element elementor-element-2fd6ca8c e-flex e-con-boxed e-con e-parent\" data-id=\"2fd6ca8c\" data-element_type=\"container\" data-e-type=\"container\">\n\t\t\t\t\t<div class=\"e-con-inner\">\n\t\t\t\t<div class=\"elementor-element elementor-element-118db736 elementor-widget elementor-widget-text-editor\" data-id=\"118db736\" data-element_type=\"widget\" data-e-type=\"widget\" data-widget_type=\"text-editor.default\">\n\t\t\t\t\t\t\t\t\t<p>Nous pensons que les premiers projets de remise \u00e0 ciel ouvert de ruisseaux urbains cach\u00e9s ont \u00e9t\u00e9 men\u00e9s presque simultan\u00e9ment en Am\u00e9rique du Nord et en Europe.<\/p><p>Le premier projet document\u00e9 est celui de Strawberry Creek \u00e0 Berkeley, en Californie, qui remonte \u00e0 1987. Son objectif \u00e9tait de restaurer l&rsquo;int\u00e9grit\u00e9 \u00e9cologique de Strawberry Creek.<\/p><p>En Europe, la ville de Zurich, en Suisse, a commenc\u00e9 \u00e0 mettre syst\u00e9matiquement \u00e0 ciel ouvert ses ruisseaux urbains en 1988 et en a depuis mis \u00e0 ciel ouvert plus de 21 km. Cela place la ville de Zurich \u00e0 la pointe de la pratique de la mise \u00e0 ciel ouvert \u00e0 l&rsquo;\u00e9chelle mondiale. Dans le cas de Zurich, la mise en lumi\u00e8re a commenc\u00e9 avec un seul objectif, \u00e0 savoir s\u00e9parer les eaux de ruissellement du r\u00e9seau d&rsquo;\u00e9gouts afin d&rsquo;all\u00e9ger la pression sur les installations de traitement des eaux us\u00e9es et donc de r\u00e9duire le co\u00fbt du traitement des eaux us\u00e9es. Au fil du temps, cependant, ce processus a conduit \u00e0 l&rsquo;am\u00e9lioration de la qualit\u00e9 de l&rsquo;eau et \u00e0 l&rsquo;int\u00e9gration de l&rsquo;eau dans la conception du domaine public.<\/p><p><img loading=\"lazy\" decoding=\"async\" class=\"size-medium wp-image-41865 alignleft\" src=\"https:\/\/fondationruisseaubouchard.org\/wp-content\/uploads\/2025\/11\/Korea-300x181.jpg\" alt=\"\" width=\"300\" height=\"181\" srcset=\"https:\/\/fondationruisseaubouchard.org\/wp-content\/uploads\/2025\/11\/Korea-300x181.jpg 300w, https:\/\/fondationruisseaubouchard.org\/wp-content\/uploads\/2025\/11\/Korea-768x463.jpg 768w, https:\/\/fondationruisseaubouchard.org\/wp-content\/uploads\/2025\/11\/Korea.jpg 988w\" sizes=\"(max-width: 300px) 100vw, 300px\" \/><\/p><p>Cheonggyecheon est un espace public moderne de loisirs long de 10,9 kilom\u00e8tres situ\u00e9 dans le centre-ville de S\u00e9oul, en Cor\u00e9e du Sud. Cet immense projet de r\u00e9novation urbaine a \u00e9t\u00e9 r\u00e9alis\u00e9 sur le site d&rsquo;un cours d&rsquo;eau qui coulait avant que le d\u00e9veloppement \u00e9conomique rapide de l&rsquo;apr\u00e8s-guerre ne le recouvre d&rsquo;infrastructures de transport. Ce projet de 900 millions de dollars a d&rsquo;abord suscit\u00e9 de nombreuses critiques de la part du public, mais depuis son ouverture en 2005, il est devenu tr\u00e8s populaire aupr\u00e8s des habitants et des touristes.<\/p><p>Saw Mill River a \u00e9t\u00e9 l&rsquo;un des projets de restauration fluviale les plus audacieux de la c\u00f4te est des \u00c9tats-Unis. Alors que les derniers vestiges du front de mer industriel urbain ont \u00e9t\u00e9 lentement effac\u00e9s des villes post-industrielles de l&rsquo;\u00c9tat de New York, bon nombre de ses rivi\u00e8res et cours d&rsquo;eau pollu\u00e9s sont enfin assainis et modernis\u00e9s, ce qui a donn\u00e9 lieu \u00e0 une s\u00e9rie impressionnante de projets de restauration \u00e0 New York. Des zones humides sont replant\u00e9es \u00e0 Alley Creek, des travaux de reboisement sont en cours le long de la rivi\u00e8re Bronx, des op\u00e9rations de nettoyage Superfund ont commenc\u00e9 \u00e0 Newtown Creek et au canal Gowanus, des marais et des parcs sont cr\u00e9\u00e9s le long de la rivi\u00e8re Harlem, et de nouveaux ruisseaux sont actuellement am\u00e9nag\u00e9s dans le syst\u00e8me Bluebelt de Staten Island. Mais la ville n&rsquo;a encore mis \u00e0 jour aucune de ses rivi\u00e8res enfouies.<\/p><p>Le projet de restauration fluviale le plus c\u00e9l\u00e8bre du Royaume-Uni est le nettoyage de la Lea pour les Jeux olympiques de Londres en 2012. Parall\u00e8lement, plus de 17 km d&rsquo;autres cours d&rsquo;eau ont \u00e9t\u00e9 ouverts (ce que l&rsquo;on appelle au Royaume-Uni le \u00ab deculverting \u00bb) dans toute la capitale depuis 2009. Cette tendance se r\u00e9p\u00e8te \u00e0 travers tout le Royaume-Uni, l&rsquo;exemple le plus r\u00e9cent \u00e9tant celui du centre-ville de Sheffield, dans le Yorkshire. Le projet London&rsquo;s Lost Rivers (Les rivi\u00e8res perdues de Londres) a r\u00e9pertori\u00e9 des dizaines d&rsquo;affluents de la Tamise qui coulent d\u00e9sormais en grande partie sous terre, formant un enchev\u00eatrement souterrain de cours d&rsquo;eau invisibles. La restauration des rivi\u00e8res, c&rsquo;est-\u00e0-dire le r\u00e9tablissement des cours d&rsquo;eau et de la vie aquatique dans un \u00e9tat largement \u00ab naturel \u00bb, est un sujet qui suscite un int\u00e9r\u00eat croissant depuis quelques ann\u00e9es, et des organisations telles que le River Restoration Centre et le Centre europ\u00e9en pour la restauration des rivi\u00e8res ont \u00e9t\u00e9 cr\u00e9\u00e9es afin de promouvoir les travaux de restauration.<\/p><p>Au Canada, le projet Paradise, lanc\u00e9 en 1993, conna\u00eet un grand succ\u00e8s et vise \u00e0 r\u00e9tablir une biodiversit\u00e9 saine autour de la baie, des criques et des marais adjacents \u00e0 Hamilton, en Ontario. Il s&rsquo;agissait de la derni\u00e8re zone humide restante dans la r\u00e9gion de Hamilton\/Burlington et la plus grande de l&rsquo;ouest du lac Ontario. Le projet Paradise a \u00e9t\u00e9 cr\u00e9\u00e9 pour mettre en relation les Jardins botaniques royaux avec des partenaires communautaires ayant des objectifs similaires en mati\u00e8re de restauration et de gestion. En 1985, 85 % de la couverture v\u00e9g\u00e9tale de la zone humide avait disparu, 90 % du reste \u00e9tait constitu\u00e9 d&rsquo;esp\u00e8ces non indig\u00e8nes et la population de carpes comptait plus de 70 000 poissons.<\/p><p><img loading=\"lazy\" decoding=\"async\" class=\"size-medium wp-image-41860 alignright\" src=\"https:\/\/fondationruisseaubouchard.org\/wp-content\/uploads\/2025\/11\/Tatlow-300x169.jpg\" alt=\"\" width=\"300\" height=\"169\" srcset=\"https:\/\/fondationruisseaubouchard.org\/wp-content\/uploads\/2025\/11\/Tatlow-300x169.jpg 300w, https:\/\/fondationruisseaubouchard.org\/wp-content\/uploads\/2025\/11\/Tatlow-1024x576.jpg 1024w, https:\/\/fondationruisseaubouchard.org\/wp-content\/uploads\/2025\/11\/Tatlow-768x432.jpg 768w, https:\/\/fondationruisseaubouchard.org\/wp-content\/uploads\/2025\/11\/Tatlow-1536x864.jpg 1536w, https:\/\/fondationruisseaubouchard.org\/wp-content\/uploads\/2025\/11\/Tatlow-2048x1152.jpg 2048w\" sizes=\"(max-width: 300px) 100vw, 300px\" \/>Dans le cadre des efforts continus visant \u00e0 inverser ce d\u00e9clin \u00e9cologique, les Jardins botaniques royaux ont lanc\u00e9 en 1993 le projet Paradise, qui fait partie du plan d&rsquo;action correctif du port de Hamilton. Ce plan vise \u00e0 \u00e9liminer les sources de stress pour le marais en se concentrant sur la pollution des eaux affluentes, en r\u00e9duisant au minimum le nombre de carpes reproductrices et en r\u00e9introduisant des plantes indig\u00e8nes. Il continue d&rsquo;\u00eatre soutenu par les gouvernements f\u00e9d\u00e9ral et provincial dans le cadre de l&rsquo;Accord relatif \u00e0 la qualit\u00e9 de l&rsquo;eau dans les Grands Lacs.<\/p><p>Vancouver est sur le point d&rsquo;achever la \u00ab cr\u00e9ation\u00a0d&rsquo;un cours d&rsquo;eau \u00e9cologiquement diversifi\u00e9 \u00bb \u00e0 travers les parcs Tatlow et Volunteer, qui se jetteront dans la baie English.<\/p><p>\u00a0<\/p>\t\t\t\t\t\t\t\t<\/div>\n\t\t\t\t\t<\/div>\n\t\t\t\t<\/div>\n\t\t\t\t<\/div>\n\t\t","protected":false},"excerpt":{"rendered":"<p>Remise \u00e0 ciel ouvert Le terme remise \u00e0 ciel ouvert, ou \u00ab Daylighting \u00bb, d\u00e9signe la restauration d&rsquo;un cours d&rsquo;eau initialement \u00e0 ciel ouvert qui a \u00e9t\u00e9 d\u00e9tourn\u00e9 sous terre et qui peut \u00eatre reconverti en canal \u00e0 ciel ouvert. En g\u00e9n\u00e9ral, la raison pour laquelle on souhaite redonner \u00e0 un ruisseau urbain d\u00e9sormais cach\u00e9&hellip;<\/p>\n","protected":false},"author":1,"featured_media":731,"parent":0,"menu_order":0,"comment_status":"closed","ping_status":"closed","template":"","meta":{"footnotes":""},"class_list":["post-42737","page","type-page","status-publish","has-post-thumbnail","hentry"],"_links":{"self":[{"href":"https:\/\/fondationruisseaubouchard.org\/fr\/wp-json\/wp\/v2\/pages\/42737","targetHints":{"allow":["GET"]}}],"collection":[{"href":"https:\/\/fondationruisseaubouchard.org\/fr\/wp-json\/wp\/v2\/pages"}],"about":[{"href":"https:\/\/fondationruisseaubouchard.org\/fr\/wp-json\/wp\/v2\/types\/page"}],"author":[{"embeddable":true,"href":"https:\/\/fondationruisseaubouchard.org\/fr\/wp-json\/wp\/v2\/users\/1"}],"replies":[{"embeddable":true,"href":"https:\/\/fondationruisseaubouchard.org\/fr\/wp-json\/wp\/v2\/comments?post=42737"}],"version-history":[{"count":18,"href":"https:\/\/fondationruisseaubouchard.org\/fr\/wp-json\/wp\/v2\/pages\/42737\/revisions"}],"predecessor-version":[{"id":43570,"href":"https:\/\/fondationruisseaubouchard.org\/fr\/wp-json\/wp\/v2\/pages\/42737\/revisions\/43570"}],"wp:featuredmedia":[{"embeddable":true,"href":"https:\/\/fondationruisseaubouchard.org\/fr\/wp-json\/wp\/v2\/media\/731"}],"wp:attachment":[{"href":"https:\/\/fondationruisseaubouchard.org\/fr\/wp-json\/wp\/v2\/media?parent=42737"}],"curies":[{"name":"wp","href":"https:\/\/api.w.org\/{rel}","templated":true}]}}