{"id":42733,"date":"2025-09-02T18:49:53","date_gmt":"2025-09-02T18:49:53","guid":{"rendered":"https:\/\/fondationruisseaubouchard.org\/businesses\/"},"modified":"2026-03-17T17:45:34","modified_gmt":"2026-03-17T17:45:34","slug":"entreprises","status":"publish","type":"page","link":"https:\/\/fondationruisseaubouchard.org\/fr\/entreprises\/","title":{"rendered":"Entreprises"},"content":{"rendered":"\t\t<div data-elementor-type=\"wp-page\" data-elementor-id=\"42733\" class=\"elementor elementor-42733 elementor-40889\" data-elementor-post-type=\"page\">\n\t\t\t\t<div class=\"elementor-element elementor-element-8d4d7b5 e-flex e-con-boxed e-con e-parent\" data-id=\"8d4d7b5\" data-element_type=\"container\" data-e-type=\"container\">\n\t\t\t\t\t<div class=\"e-con-inner\">\n\t\t\t\t<div class=\"elementor-element elementor-element-5a4d04f elementor-widget elementor-widget-heading\" data-id=\"5a4d04f\" data-element_type=\"widget\" data-e-type=\"widget\" data-widget_type=\"heading.default\">\n\t\t\t\t\t<h1 class=\"elementor-heading-title elementor-size-default\">Entreprises<\/h1>\t\t\t\t<\/div>\n\t\t<div class=\"elementor-element elementor-element-72d786f e-con-full e-flex e-con e-child\" data-id=\"72d786f\" data-element_type=\"container\" data-e-type=\"container\">\n\t\t\t\t<div class=\"elementor-element elementor-element-92f9a40 elementor-widget__width-initial elementor-widget-laptop__width-initial elementor-widget-tablet_extra__width-initial elementor-widget-tablet__width-initial elementor-widget elementor-widget-text-editor\" data-id=\"92f9a40\" data-element_type=\"widget\" data-e-type=\"widget\" data-widget_type=\"text-editor.default\">\n\t\t\t\t\t\t\t\t\t<p>Les entreprises et leurs employ\u00e9s d\u00e9pendent d&rsquo;une \u00e9conomie et de communaut\u00e9s solides et saines, et sont bien plac\u00e9s pour prendre des mesures locales qui ont un impact sur leur activit\u00e9, leur communaut\u00e9 et son \u00e9cosyst\u00e8me. Nous continuons \u00e0 ajouter des ressources utiles, des guides, des liens et d&rsquo;autres supports afin d&rsquo;encourager et d&rsquo;inspirer les entreprises \u00e0 participer \u00e0 des activit\u00e9s concr\u00e8tes qui contribuent \u00e0 la durabilit\u00e9 et \u00e0 un environnement sain.<\/p>\t\t\t\t\t\t\t\t<\/div>\n\t\t\t\t<div class=\"elementor-element elementor-element-9da6f55 elementor-widget elementor-widget-image\" data-id=\"9da6f55\" data-element_type=\"widget\" data-e-type=\"widget\" data-widget_type=\"image.default\">\n\t\t\t\t\t\t\t\t\t\t\t\t\t\t\t<img fetchpriority=\"high\" decoding=\"async\" width=\"600\" height=\"400\" src=\"https:\/\/fondationruisseaubouchard.org\/wp-content\/uploads\/2025\/11\/Le-ruisseau-Bouchard-en-zone-industrielle-2012.jpg\" class=\"attachment-large size-large wp-image-41896\" alt=\"\" srcset=\"https:\/\/fondationruisseaubouchard.org\/wp-content\/uploads\/2025\/11\/Le-ruisseau-Bouchard-en-zone-industrielle-2012.jpg 600w, https:\/\/fondationruisseaubouchard.org\/wp-content\/uploads\/2025\/11\/Le-ruisseau-Bouchard-en-zone-industrielle-2012-300x200.jpg 300w\" sizes=\"(max-width: 600px) 100vw, 600px\" \/>\t\t\t\t\t\t\t\t\t\t\t\t\t\t\t<\/div>\n\t\t\t\t<\/div>\n\t\t\t\t\t<\/div>\n\t\t\t\t<\/div>\n\t\t<div class=\"elementor-element elementor-element-870c9b6 e-flex e-con-boxed e-con e-parent\" data-id=\"870c9b6\" data-element_type=\"container\" data-e-type=\"container\">\n\t\t\t\t\t<div class=\"e-con-inner\">\n\t\t\t\t<div class=\"elementor-element elementor-element-b8d9c35 elementor-widget elementor-widget-text-editor\" data-id=\"b8d9c35\" data-element_type=\"widget\" data-e-type=\"widget\" data-widget_type=\"text-editor.default\">\n\t\t\t\t\t\t\t\t\t<p><div class='w3eden wpdm_packages_shortcode'>\n    <div class=''>\n\n        \n        <div id=\"content_wpdm_package_1\">\n            <div class='row'><div class='col-lg-6 col-md-6 col-6'><div class=\"well c2a3\">\n    <div class=\"media\">\n        <div class=\"mr-3\" align=\"left\">\n            <img decoding=\"async\" class=\"wpdm_icon\" alt=\"Ic\u00f4ne\" src=\"https:\/\/fondationruisseaubouchard.org\/wp-content\/plugins\/download-manager\/assets\/file-type-icons\/pdf.svg\" \/>\n        <\/div>\n        <div class=\"media-body\">\n            <h3 class=\"media-heading\" style=\"padding-top: 0px;border:0px;margin: 0 0 5px 0;font-size:12pt;\">\n                  <a style=\"font-weight: 700\" href=\"https:\/\/fondationruisseaubouchard.org\/fr\/download\/ruisseau-molson\/\">Ruisseau Molson<\/a>\n                <span style=\"font-size:8pt;font-weight:300\" class=\"text-muted ml-4\">\n                    <i class=\"fas fa-hdd mr-1\"><\/i> 41.33 MB\n                    <i class=\"ml-3 far fa-arrow-alt-circle-down mr-1\"><\/i> 697 t\u00e9l\u00e9chargements\n                <\/span>\n            <\/h3>\n            <p>Le ruisseau Molson:<br \/>\n\u00c9laboration d\u2019une proposition d\u2019am\u00e9nagement participative<\/p>\n\n        <\/div>\n        <div class=\"ml-3\" align=\"right\">\n           <a href=\"https:\/\/fondationruisseaubouchard.org\/fr\/download\/ruisseau-molson\/\" class=\"frb-btn\">Afficher<\/a>\n        <\/div>\n    <\/div>\n\n<\/div>\n<style>\n.frb-btn{\n    font-weight: 700;\nfont-size:19px;\n    text-decoration: none !important;\n    line-height: 30.4px;\nbackground-color:#92BC64;\ncolor: #fff;\npadding:10px 40px;\nborder-radius: 25px;\n}   \n\n.frb-btn:hover\n{background-color:#246D9B;\ncolor:#fff;\n}\n\n.well.c2a3{\nbackground-color: #fff;\n  background-clip: border-box;\n  border: 1px solid #e5e5e5;\n}\n\n .well.c2a3 .btn {\n        padding: 11px 30px;\n        font-size: 11pt;\n    }\n\n    .well.c2a3 .media-body {\n        font-size: 11pt;\n    }\n\n    .well.c2a3 .wpdm_icon {\n        height: 42px;\n        width: auto;\n    }<\/style>\n<\/div><\/div>            <div style='clear:both'><\/div><div class='text-center'><ul class='pagination wpdm-pagination pagination-centered text-center'><\/ul><\/div><div style='clear:both'><\/div>        <\/div>\n\n        <div style='clear:both'><\/div>\n    <\/div>\n<\/div>\n<\/p>\t\t\t\t\t\t\t\t<\/div>\n\t\t\t\t\t<\/div>\n\t\t\t\t<\/div>\n\t\t\t\t<\/div>\n\t\t","protected":false},"excerpt":{"rendered":"<p>Entreprises Les entreprises et leurs employ\u00e9s d\u00e9pendent d&rsquo;une \u00e9conomie et de communaut\u00e9s solides et saines, et sont bien plac\u00e9s pour prendre des mesures locales qui ont un impact sur leur activit\u00e9, leur communaut\u00e9 et son \u00e9cosyst\u00e8me. Nous continuons \u00e0 ajouter des ressources utiles, des guides, des liens et d&rsquo;autres supports afin d&rsquo;encourager et d&rsquo;inspirer les&hellip;<\/p>\n","protected":false},"author":1,"featured_media":731,"parent":0,"menu_order":0,"comment_status":"closed","ping_status":"closed","template":"","meta":{"footnotes":""},"class_list":["post-42733","page","type-page","status-publish","has-post-thumbnail","hentry"],"_links":{"self":[{"href":"https:\/\/fondationruisseaubouchard.org\/fr\/wp-json\/wp\/v2\/pages\/42733","targetHints":{"allow":["GET"]}}],"collection":[{"href":"https:\/\/fondationruisseaubouchard.org\/fr\/wp-json\/wp\/v2\/pages"}],"about":[{"href":"https:\/\/fondationruisseaubouchard.org\/fr\/wp-json\/wp\/v2\/types\/page"}],"author":[{"embeddable":true,"href":"https:\/\/fondationruisseaubouchard.org\/fr\/wp-json\/wp\/v2\/users\/1"}],"replies":[{"embeddable":true,"href":"https:\/\/fondationruisseaubouchard.org\/fr\/wp-json\/wp\/v2\/comments?post=42733"}],"version-history":[{"count":9,"href":"https:\/\/fondationruisseaubouchard.org\/fr\/wp-json\/wp\/v2\/pages\/42733\/revisions"}],"predecessor-version":[{"id":44121,"href":"https:\/\/fondationruisseaubouchard.org\/fr\/wp-json\/wp\/v2\/pages\/42733\/revisions\/44121"}],"wp:featuredmedia":[{"embeddable":true,"href":"https:\/\/fondationruisseaubouchard.org\/fr\/wp-json\/wp\/v2\/media\/731"}],"wp:attachment":[{"href":"https:\/\/fondationruisseaubouchard.org\/fr\/wp-json\/wp\/v2\/media?parent=42733"}],"curies":[{"name":"wp","href":"https:\/\/api.w.org\/{rel}","templated":true}]}}