{"id":42725,"date":"2025-05-23T14:43:30","date_gmt":"2025-05-23T14:43:30","guid":{"rendered":"https:\/\/fondationruisseaubouchard.org\/blog\/"},"modified":"2026-02-24T04:50:00","modified_gmt":"2026-02-24T04:50:00","slug":"nouvelles","status":"publish","type":"page","link":"https:\/\/fondationruisseaubouchard.org\/fr\/nouvelles\/","title":{"rendered":"Nouvelles"},"content":{"rendered":"\t\t<div data-elementor-type=\"wp-page\" data-elementor-id=\"42725\" class=\"elementor elementor-42725 elementor-92\" data-elementor-post-type=\"page\">\n\t\t\t\t<div class=\"elementor-element elementor-element-2dbcb3ca e-flex e-con-boxed e-con e-parent\" data-id=\"2dbcb3ca\" data-element_type=\"container\" data-e-type=\"container\">\n\t\t\t\t\t<div class=\"e-con-inner\">\n\t\t\t\t<div class=\"elementor-element elementor-element-8c86082 elementor-widget elementor-widget-heading\" data-id=\"8c86082\" data-element_type=\"widget\" data-e-type=\"widget\" data-widget_type=\"heading.default\">\n\t\t\t\t\t<h2 class=\"elementor-heading-title elementor-size-default\">Nouvelles<\/h2>\t\t\t\t<\/div>\n\t\t\t\t\t<\/div>\n\t\t\t\t<\/div>\n\t\t<div class=\"elementor-element elementor-element-b8ea8dc e-flex e-con-boxed e-con e-parent\" data-id=\"b8ea8dc\" data-element_type=\"container\" data-e-type=\"container\">\n\t\t\t\t\t<div class=\"e-con-inner\">\n\t\t\t\t<div class=\"elementor-element elementor-element-64df68a elementor-widget elementor-widget-the7_elements\" data-id=\"64df68a\" data-element_type=\"widget\" data-e-type=\"widget\" data-widget_type=\"the7_elements.default\">\n\t\t\t\t<div class=\"elementor-widget-container\">\n\t\t\t\t\t<div class=\"portfolio-shortcode the7-elementor-widget the7_elements-64df68a mode-grid dt-css-grid-wrap gradient-overlap-layout-list description-under-image quick-scale-img content-bg-on enable-bg-rollover resize-by-browser-width widget-with-filter loading-effect-fall-perspective jquery-filter\" data-padding=\"15px\" data-mobile-columns-num=\"\" data-tablet-columns-num=\"\" data-desktop-columns-num=\"2\" data-wide-desktop-columns-num=\"2\" data-post-limit=\"-1\" data-pagination-mode=\"none\" data-scroll-offset=\"\" aria-live=\"assertive\"><div class=\"iso-filter filter-decorations css-grid-filter extras-off filter filter-pointer-default show-filter-categories   filter-underline-decoration\"><div class=\"filter-categories\" data-default-order=\"\" data-default-orderby=\"\"><a href=\"https:\/\/fondationruisseaubouchard.org\/fr\/nouvelles\/\" class=\"show-all filter-item act\" data-filter=\"*\" aria-label=\"Apply filter: Tout afficher\">Tout afficher<\/a><a href=\"https:\/\/fondationruisseaubouchard.org\/fr\/nouvelles\/?term=dorval-fr\" class=\"filter-item dorval-fr\" data-filter=\".category-179\" aria-label=\"Apply filter: Dorval\">Dorval<\/a><a href=\"https:\/\/fondationruisseaubouchard.org\/fr\/nouvelles\/?term=evenements\" class=\"filter-item evenements\" data-filter=\".category-180\" aria-label=\"Apply filter: \u00c9v\u00e9nements\">\u00c9v\u00e9nements<\/a><a href=\"https:\/\/fondationruisseaubouchard.org\/fr\/nouvelles\/?term=national-fr\" class=\"filter-item national-fr\" data-filter=\".category-181\" aria-label=\"Apply filter: National\">National<\/a><\/div><\/div><div class=\"dt-css-grid custom-pagination-handler\"><div class=\"visible wf-cell category-177 category-176 category-12 category-178 category-175\" data-post-id=\"43274\" data-date=\"2025-11-05T16:18:37+00:00\" data-name=\"Les Rivieres Oubli\u00e9es - CBC\"><article class=\"post visible post-43274 type-post status-publish format-standard has-post-thumbnail hentry category-dorval category-events category-front-page-news category-national category-recent category-177 category-176 category-12 category-178 category-175 description-off\" data-name=\"Les Rivieres Oubli\u00e9es &#8211; CBC\" data-date=\"2025-11-05T16:18:37+00:00\">\n\n\t<div class=\"post-thumbnail-wrap\">\n\t\t<div class=\"post-thumbnail\">\n\n\t\t\t<a class=\"post-thumbnail-rollover layzr-bg img-css-resize-wrapper\" aria-label=\"Image article\" href=\"https:\/\/fondationruisseaubouchard.org\/fr\/2025\/11\/05\/les-rivieres-obliees-cbc\/\"><img fetchpriority=\"high\" decoding=\"async\" width=\"1846\" height=\"920\" src=\"data:image\/svg+xml,%3Csvg%20xmlns%3D&#039;http%3A%2F%2Fwww.w3.org%2F2000%2Fsvg&#039;%20viewBox%3D&#039;0%200%201846%20920&#039;%2F%3E\" class=\"attachment-full size-full preload-me aspect lazy lazy-load\" alt=\"\" sizes=\"(max-width: 1846px) 100vw, 1846px\" style=\"--ratio: 1846 \/ 920;\" data-src=\"https:\/\/fondationruisseaubouchard.org\/wp-content\/uploads\/2025\/11\/Radio-Canada-slides.jpg\" loading=\"eager\" data-srcset=\"https:\/\/fondationruisseaubouchard.org\/wp-content\/uploads\/2025\/11\/Radio-Canada-slides.jpg 1846w, https:\/\/fondationruisseaubouchard.org\/wp-content\/uploads\/2025\/11\/Radio-Canada-slides-300x150.jpg 300w, https:\/\/fondationruisseaubouchard.org\/wp-content\/uploads\/2025\/11\/Radio-Canada-slides-1024x510.jpg 1024w, https:\/\/fondationruisseaubouchard.org\/wp-content\/uploads\/2025\/11\/Radio-Canada-slides-768x383.jpg 768w, https:\/\/fondationruisseaubouchard.org\/wp-content\/uploads\/2025\/11\/Radio-Canada-slides-1536x766.jpg 1536w\" \/><span class=\"the7-hover-icon\"><svg aria-hidden=\"true\" class=\"e-font-icon-svg e-fas-ellipsis-h\" viewBox=\"0 0 512 512\" xmlns=\"http:\/\/www.w3.org\/2000\/svg\"><path d=\"M328 256c0 39.8-32.2 72-72 72s-72-32.2-72-72 32.2-72 72-72 72 32.2 72 72zm104-72c-39.8 0-72 32.2-72 72s32.2 72 72 72 72-32.2 72-72-32.2-72-72-72zm-352 0c-39.8 0-72 32.2-72 72s32.2 72 72 72 72-32.2 72-72-32.2-72-72-72z\"><\/path><\/svg><\/span><\/a>\n\t\t<\/div>\n\t<\/div>\n\n\n<div class=\"post-entry-content\">\n\n\t<h3 class=\"ele-entry-title\"><a href=\"https:\/\/fondationruisseaubouchard.org\/fr\/2025\/11\/05\/les-rivieres-obliees-cbc\/\" rel=\"bookmark\" title=\"Les Rivieres Oubli\u00e9es &#8211; CBC\">Les Rivieres Oubli\u00e9es &#8211; CBC<\/a><\/h3><div class=\"entry-meta\"><a href=\"https:\/\/fondationruisseaubouchard.org\/fr\/2025\/11\/05\/\" title=\"16h18\" class=\"meta-item data-link\" rel=\"bookmark\"><time class=\"entry-date updated\" datetime=\"2025-11-05T16:18:37+00:00\">5 novembre 2025<\/time><\/a><\/div><div class=\"entry-excerpt\"><p>&nbsp; https:\/\/ici.radio-canada.ca\/photoreportage\/13756\/rivieres-souterraines-vancouver-montreal-restauration &nbsp;<\/p>\n<\/div><a href=\"https:\/\/fondationruisseaubouchard.org\/fr\/2025\/11\/05\/les-rivieres-obliees-cbc\/\" target=\"\" aria-label=\"En savoir plus sur Les Rivieres Oubli\u00e9es &#8211; CBC\" class=\"box-button elementor-button elementor-size-sm\">Voir plus<\/a>\n<\/div><\/article><\/div><div class=\"visible wf-cell category-179 category-174 category-182\" data-post-id=\"43735\" data-date=\"2025-11-04T13:22:47+00:00\" data-name=\"200 Bouchard Postponed 2-3 yrs.\"><article class=\"post visible post-43735 type-post status-publish format-standard has-post-thumbnail hentry category-dorval-fr category-front-page-news-fr category-recente category-179 category-174 category-182 description-off\" data-name=\"200 Bouchard Postponed 2-3 yrs.\" data-date=\"2025-11-04T13:22:47+00:00\">\n\n\t<div class=\"post-thumbnail-wrap\">\n\t\t<div class=\"post-thumbnail\">\n\n\t\t\t<a class=\"post-thumbnail-rollover layzr-bg img-css-resize-wrapper\" aria-label=\"Image article\" href=\"https:\/\/fondationruisseaubouchard.org\/fr\/2025\/11\/04\/200-bouchard-postponed-2-3-yrs\/\"><img decoding=\"async\" width=\"2560\" height=\"1440\" src=\"data:image\/svg+xml,%3Csvg%20xmlns%3D&#039;http%3A%2F%2Fwww.w3.org%2F2000%2Fsvg&#039;%20viewBox%3D&#039;0%200%202560%201440&#039;%2F%3E\" class=\"attachment-full size-full preload-me aspect lazy lazy-load\" alt=\"\" sizes=\"(max-width: 2560px) 100vw, 2560px\" style=\"--ratio: 2560 \/ 1440;\" data-src=\"https:\/\/fondationruisseaubouchard.org\/wp-content\/uploads\/2025\/11\/20220420_153522-scaled.jpg\" loading=\"eager\" data-srcset=\"https:\/\/fondationruisseaubouchard.org\/wp-content\/uploads\/2025\/11\/20220420_153522-scaled.jpg 2560w, https:\/\/fondationruisseaubouchard.org\/wp-content\/uploads\/2025\/11\/20220420_153522-300x169.jpg 300w, https:\/\/fondationruisseaubouchard.org\/wp-content\/uploads\/2025\/11\/20220420_153522-1024x576.jpg 1024w, https:\/\/fondationruisseaubouchard.org\/wp-content\/uploads\/2025\/11\/20220420_153522-768x432.jpg 768w, https:\/\/fondationruisseaubouchard.org\/wp-content\/uploads\/2025\/11\/20220420_153522-1536x864.jpg 1536w, https:\/\/fondationruisseaubouchard.org\/wp-content\/uploads\/2025\/11\/20220420_153522-2048x1152.jpg 2048w\" \/><span class=\"the7-hover-icon\"><svg aria-hidden=\"true\" class=\"e-font-icon-svg e-fas-ellipsis-h\" viewBox=\"0 0 512 512\" xmlns=\"http:\/\/www.w3.org\/2000\/svg\"><path d=\"M328 256c0 39.8-32.2 72-72 72s-72-32.2-72-72 32.2-72 72-72 72 32.2 72 72zm104-72c-39.8 0-72 32.2-72 72s32.2 72 72 72 72-32.2 72-72-32.2-72-72-72zm-352 0c-39.8 0-72 32.2-72 72s32.2 72 72 72 72-32.2 72-72-32.2-72-72-72z\"><\/path><\/svg><\/span><\/a>\n\t\t<\/div>\n\t<\/div>\n\n\n<div class=\"post-entry-content\">\n\n\t<h3 class=\"ele-entry-title\"><a href=\"https:\/\/fondationruisseaubouchard.org\/fr\/2025\/11\/04\/200-bouchard-postponed-2-3-yrs\/\" rel=\"bookmark\" title=\"200 Bouchard Postponed 2-3 yrs.\">200 Bouchard Postponed 2-3 yrs.<\/a><\/h3><div class=\"entry-meta\"><a href=\"https:\/\/fondationruisseaubouchard.org\/fr\/2025\/11\/04\/\" title=\"13h22\" class=\"meta-item data-link\" rel=\"bookmark\"><time class=\"entry-date updated\" datetime=\"2025-11-04T13:22:47+00:00\">4 novembre 2025<\/time><\/a><\/div><div class=\"entry-excerpt\"><p>Posted on Facebook by Mayor Marc Doret Oct. 20, 2025: \ud835\udde8\ud835\uddfd\ud835\uddf1\ud835\uddee\ud835\ude01\ud835\uddf2 \ud835\uddfc\ud835\uddfb \ud835\uddd9\ud835\ude02\ud835\ude01\ud835\ude02\ud835\uddff\ud835\uddf2 \ud835\uddd7\ud835\uddf2\ud835\ude03\ud835\uddf2\ud835\uddf9\ud835\uddfc\ud835\uddfd\ud835\uddfa\ud835\uddf2\ud835\uddfb\ud835\ude01 \ud835\udde3\ud835\uddff\ud835\uddfc\ud835\uddf7\ud835\uddf2\ud835\uddf0\ud835\ude01\ud835\ude00 \ud835\uddfc\ud835\uddfb \ud835\uddd5\ud835\uddfc\ud835\ude02\ud835\uddf9\ud835\uddf2\ud835\ude03\ud835\uddee\ud835\uddff\ud835\uddf1 \ud835\uddd5\ud835\uddfc\ud835\ude02\ud835\uddf0\ud835\uddf5\ud835\uddee\ud835\uddff\ud835\uddf1 As many&hellip;<\/p>\n<\/div><a href=\"https:\/\/fondationruisseaubouchard.org\/fr\/2025\/11\/04\/200-bouchard-postponed-2-3-yrs\/\" target=\"\" aria-label=\"En savoir plus sur 200 Bouchard Postponed 2-3 yrs.\" class=\"box-button elementor-button elementor-size-sm\">Voir plus<\/a>\n<\/div><\/article><\/div><\/div><!-- iso-container|iso-grid --><\/div>\t\t\t\t<\/div>\n\t\t\t\t<\/div>\n\t\t\t\t\t<\/div>\n\t\t\t\t<\/div>\n\t\t\t\t<\/div>\n\t\t","protected":false},"excerpt":{"rendered":"<p>Nouvelles Tout afficherDorval\u00c9v\u00e9nementsNational Les Rivieres Oubli\u00e9es &#8211; CBC November 5, 2025 &nbsp; https:\/\/ici.radio-canada.ca\/photoreportage\/13756\/rivieres-souterraines-vancouver-montreal-restauration &nbsp; Voir plus 200 Bouchard Postponed 2-3 yrs. November 4, 2025 Posted on Facebook by Mayor Marc Doret Oct. 20, 2025: \ud835\udde8\ud835\uddfd\ud835\uddf1\ud835\uddee\ud835\ude01\ud835\uddf2 \ud835\uddfc\ud835\uddfb \ud835\uddd9\ud835\ude02\ud835\ude01\ud835\ude02\ud835\uddff\ud835\uddf2 \ud835\uddd7\ud835\uddf2\ud835\ude03\ud835\uddf2\ud835\uddf9\ud835\uddfc\ud835\uddfd\ud835\uddfa\ud835\uddf2\ud835\uddfb\ud835\ude01 \ud835\udde3\ud835\uddff\ud835\uddfc\ud835\uddf7\ud835\uddf2\ud835\uddf0\ud835\ude01\ud835\ude00 \ud835\uddfc\ud835\uddfb \ud835\uddd5\ud835\uddfc\ud835\ude02\ud835\uddf9\ud835\uddf2\ud835\ude03\ud835\uddee\ud835\uddff\ud835\uddf1 \ud835\uddd5\ud835\uddfc\ud835\ude02\ud835\uddf0\ud835\uddf5\ud835\uddee\ud835\uddff\ud835\uddf1 As many&hellip; Voir plus<\/p>\n","protected":false},"author":1,"featured_media":0,"parent":0,"menu_order":0,"comment_status":"closed","ping_status":"closed","template":"","meta":{"footnotes":""},"class_list":["post-42725","page","type-page","status-publish","hentry","category-179","category-174","category-182","description-off"],"_links":{"self":[{"href":"https:\/\/fondationruisseaubouchard.org\/fr\/wp-json\/wp\/v2\/pages\/42725","targetHints":{"allow":["GET"]}}],"collection":[{"href":"https:\/\/fondationruisseaubouchard.org\/fr\/wp-json\/wp\/v2\/pages"}],"about":[{"href":"https:\/\/fondationruisseaubouchard.org\/fr\/wp-json\/wp\/v2\/types\/page"}],"author":[{"embeddable":true,"href":"https:\/\/fondationruisseaubouchard.org\/fr\/wp-json\/wp\/v2\/users\/1"}],"replies":[{"embeddable":true,"href":"https:\/\/fondationruisseaubouchard.org\/fr\/wp-json\/wp\/v2\/comments?post=42725"}],"version-history":[{"count":5,"href":"https:\/\/fondationruisseaubouchard.org\/fr\/wp-json\/wp\/v2\/pages\/42725\/revisions"}],"predecessor-version":[{"id":43844,"href":"https:\/\/fondationruisseaubouchard.org\/fr\/wp-json\/wp\/v2\/pages\/42725\/revisions\/43844"}],"wp:attachment":[{"href":"https:\/\/fondationruisseaubouchard.org\/fr\/wp-json\/wp\/v2\/media?parent=42725"}],"curies":[{"name":"wp","href":"https:\/\/api.w.org\/{rel}","templated":true}]}}