{"id":42719,"date":"2025-05-23T14:41:25","date_gmt":"2025-05-23T14:41:25","guid":{"rendered":"https:\/\/fondationruisseaubouchard.org\/200-bouchard\/"},"modified":"2026-02-07T18:15:22","modified_gmt":"2026-02-07T18:15:22","slug":"200-bouchard","status":"publish","type":"page","link":"https:\/\/fondationruisseaubouchard.org\/fr\/200-bouchard\/","title":{"rendered":"200 Bouchard-FR"},"content":{"rendered":"\t\t<div data-elementor-type=\"wp-page\" data-elementor-id=\"42719\" class=\"elementor elementor-42719 elementor-82\" data-elementor-post-type=\"page\">\n\t\t\t\t<div class=\"elementor-element elementor-element-92369a5 e-flex e-con-boxed e-con e-parent\" data-id=\"92369a5\" data-element_type=\"container\" data-e-type=\"container\">\n\t\t\t\t\t<div class=\"e-con-inner\">\n\t\t\t\t<div class=\"elementor-element elementor-element-4e5ae4e elementor-widget elementor-widget-heading\" data-id=\"4e5ae4e\" data-element_type=\"widget\" data-e-type=\"widget\" data-widget_type=\"heading.default\">\n\t\t\t\t\t<h2 class=\"elementor-heading-title elementor-size-default\">200 Bouchard<\/h2>\t\t\t\t<\/div>\n\t\t<div class=\"elementor-element elementor-element-a80b228 e-con-full e-flex e-con e-child\" data-id=\"a80b228\" data-element_type=\"container\" data-e-type=\"container\">\n\t\t<div class=\"elementor-element elementor-element-d484560 e-con-full e-flex e-con e-child\" data-id=\"d484560\" data-element_type=\"container\" data-e-type=\"container\">\n\t\t\t\t<div class=\"elementor-element elementor-element-964f0fe elementor-widget__width-initial elementor-widget-laptop__width-initial elementor-widget-tablet_extra__width-initial elementor-widget-tablet__width-initial elementor-widget elementor-widget-text-editor\" data-id=\"964f0fe\" data-element_type=\"widget\" data-e-type=\"widget\" data-widget_type=\"text-editor.default\">\n\t\t\t\t\t\t\t\t\t<p>Il s&rsquo;agit du plus long tron\u00e7on souterrain du ruisseau Bouchard pouvant \u00eatre remis \u00e0 ciel ouvert. Le cours d&rsquo;eau principal du ruisseau Bouchard s&rsquo;\u00e9coule sur 500 m\u00e8tres \u00e0 travers cette propri\u00e9t\u00e9, enti\u00e8rement dans des conduites souterraines, sous un am\u00e9nagement paysager gazonn\u00e9 et un stationnement pav\u00e9. Ce terrain municipal appartient \u00e0 H&amp;R REIT et comprend un immeuble de bureaux actuellement lou\u00e9 par Bell Canada.<\/p><p>La remise \u00e0 ciel ouvert de ce tron\u00e7on du ruisseau Bouchard est une priorit\u00e9 pour le FRB dans le cadre de son plan d&rsquo;action visant \u00e0 prot\u00e9ger, restaurer et pr\u00e9server l&rsquo;\u00e9cosyst\u00e8me du ruisseau Bouchard. La \u00ab remise \u00e0 ciel ouvert \u00bb est le terme inspirant utilis\u00e9 pour d\u00e9signer la restauration d&rsquo;un cours d&rsquo;eau initialement \u00e0 ciel ouvert qui a \u00e9t\u00e9 d\u00e9tourn\u00e9 sous terre et qui peut ensuite \u00eatre transform\u00e9 en cours d&rsquo;eau \u00e0 ciel ouvert. La raison d&rsquo;\u00eatre de la remise \u00e0 l&rsquo;\u00e9tat naturel d&rsquo;un ruisseau urbain aujourd&rsquo;hui cach\u00e9 est de g\u00e9rer le ruissellement et les inondations, de cr\u00e9er un habitat pour les plantes et les animaux indig\u00e8nes et d&rsquo;am\u00e9liorer la qualit\u00e9 de l&rsquo;eau gr\u00e2ce \u00e0 une filtration naturelle.<\/p>\t\t\t\t\t\t\t\t<\/div>\n\t\t\t\t<\/div>\n\t\t\t\t<div class=\"elementor-element elementor-element-4307a21 elementor-widget elementor-widget-image\" data-id=\"4307a21\" data-element_type=\"widget\" data-e-type=\"widget\" data-widget_type=\"image.default\">\n\t\t\t\t\t\t\t\t\t\t\t\t\t\t\t<img fetchpriority=\"high\" decoding=\"async\" width=\"1024\" height=\"576\" src=\"https:\/\/fondationruisseaubouchard.org\/wp-content\/uploads\/2025\/11\/20220420_153522-1024x576.jpg\" class=\"attachment-large size-large wp-image-41848\" alt=\"\" srcset=\"https:\/\/fondationruisseaubouchard.org\/wp-content\/uploads\/2025\/11\/20220420_153522-1024x576.jpg 1024w, https:\/\/fondationruisseaubouchard.org\/wp-content\/uploads\/2025\/11\/20220420_153522-300x169.jpg 300w, https:\/\/fondationruisseaubouchard.org\/wp-content\/uploads\/2025\/11\/20220420_153522-768x432.jpg 768w, https:\/\/fondationruisseaubouchard.org\/wp-content\/uploads\/2025\/11\/20220420_153522-1536x864.jpg 1536w, https:\/\/fondationruisseaubouchard.org\/wp-content\/uploads\/2025\/11\/20220420_153522-2048x1152.jpg 2048w\" sizes=\"(max-width: 1024px) 100vw, 1024px\" \/>\t\t\t\t\t\t\t\t\t\t\t\t\t\t\t<\/div>\n\t\t\t\t<\/div>\n\t\t\t\t\t<\/div>\n\t\t\t\t<\/div>\n\t\t<div class=\"elementor-element elementor-element-c8ec38f e-flex e-con-boxed e-con e-parent\" data-id=\"c8ec38f\" data-element_type=\"container\" data-e-type=\"container\">\n\t\t\t\t\t<div class=\"e-con-inner\">\n\t\t<div class=\"elementor-element elementor-element-d27fe7f e-con-full e-flex e-con e-child\" data-id=\"d27fe7f\" data-element_type=\"container\" data-e-type=\"container\">\n\t\t<div class=\"elementor-element elementor-element-4612a65 e-con-full e-flex e-con e-child\" data-id=\"4612a65\" data-element_type=\"container\" data-e-type=\"container\">\n\t\t\t\t<div class=\"elementor-element elementor-element-724d39a elementor-widget__width-initial elementor-widget-laptop__width-initial elementor-widget-tablet_extra__width-initial elementor-widget-tablet__width-initial elementor-widget elementor-widget-text-editor\" data-id=\"724d39a\" data-element_type=\"widget\" data-e-type=\"widget\" data-widget_type=\"text-editor.default\">\n\t\t\t\t\t\t\t\t\t<p><strong>Pour 200 Bouchard en particulier :<\/strong><\/p>\t\t\t\t\t\t\t\t<\/div>\n\t\t\t\t<div class=\"elementor-element elementor-element-a884557 elementor-icon-list--layout-traditional elementor-list-item-link-full_width elementor-widget elementor-widget-icon-list\" data-id=\"a884557\" data-element_type=\"widget\" data-e-type=\"widget\" data-widget_type=\"icon-list.default\">\n\t\t\t\t\t\t\t<ul class=\"elementor-icon-list-items\">\n\t\t\t\t\t\t\t<li class=\"elementor-icon-list-item\">\n\t\t\t\t\t\t\t\t\t\t\t<span class=\"elementor-icon-list-icon\">\n\t\t\t\t\t\t\t<svg aria-hidden=\"true\" class=\"e-font-icon-svg e-fas-dot-circle\" viewBox=\"0 0 512 512\" xmlns=\"http:\/\/www.w3.org\/2000\/svg\"><path d=\"M256 8C119.033 8 8 119.033 8 256s111.033 248 248 248 248-111.033 248-248S392.967 8 256 8zm80 248c0 44.112-35.888 80-80 80s-80-35.888-80-80 35.888-80 80-80 80 35.888 80 80z\"><\/path><\/svg>\t\t\t\t\t\t<\/span>\n\t\t\t\t\t\t\t\t\t\t<span class=\"elementor-icon-list-text\">Am\u00e9liorer la qualit\u00e9 de l'eau gr\u00e2ce \u00e0 l'exposition au soleil, \u00e0 l'a\u00e9ration naturelle et \u00e0 l'eau de pluie.<\/span>\n\t\t\t\t\t\t\t\t\t<\/li>\n\t\t\t\t\t\t\t\t<li class=\"elementor-icon-list-item\">\n\t\t\t\t\t\t\t\t\t\t\t<span class=\"elementor-icon-list-icon\">\n\t\t\t\t\t\t\t<svg aria-hidden=\"true\" class=\"e-font-icon-svg e-fas-dot-circle\" viewBox=\"0 0 512 512\" xmlns=\"http:\/\/www.w3.org\/2000\/svg\"><path d=\"M256 8C119.033 8 8 119.033 8 256s111.033 248 248 248 248-111.033 248-248S392.967 8 256 8zm80 248c0 44.112-35.888 80-80 80s-80-35.888-80-80 35.888-80 80-80 80 35.888 80 80z\"><\/path><\/svg>\t\t\t\t\t\t<\/span>\n\t\t\t\t\t\t\t\t\t\t<span class=\"elementor-icon-list-text\">R\u00e9introduire les esp\u00e8ces indig\u00e8nes de plantes, grenouilles, tortues, oiseaux, papillons, insectes et poissons sur toute la longueur du ruisseau.<\/span>\n\t\t\t\t\t\t\t\t\t<\/li>\n\t\t\t\t\t\t\t\t<li class=\"elementor-icon-list-item\">\n\t\t\t\t\t\t\t\t\t\t\t<span class=\"elementor-icon-list-icon\">\n\t\t\t\t\t\t\t<svg aria-hidden=\"true\" class=\"e-font-icon-svg e-fas-dot-circle\" viewBox=\"0 0 512 512\" xmlns=\"http:\/\/www.w3.org\/2000\/svg\"><path d=\"M256 8C119.033 8 8 119.033 8 256s111.033 248 248 248 248-111.033 248-248S392.967 8 256 8zm80 248c0 44.112-35.888 80-80 80s-80-35.888-80-80 35.888-80 80-80 80 35.888 80 80z\"><\/path><\/svg>\t\t\t\t\t\t<\/span>\n\t\t\t\t\t\t\t\t\t\t<span class=\"elementor-icon-list-text\">Accro\u00eetre l'offre de loisirs accessibles aux citoyens et aux visiteurs de Dorval<\/span>\n\t\t\t\t\t\t\t\t\t<\/li>\n\t\t\t\t\t\t\t\t<li class=\"elementor-icon-list-item\">\n\t\t\t\t\t\t\t\t\t\t\t<span class=\"elementor-icon-list-icon\">\n\t\t\t\t\t\t\t<svg aria-hidden=\"true\" class=\"e-font-icon-svg e-fas-dot-circle\" viewBox=\"0 0 512 512\" xmlns=\"http:\/\/www.w3.org\/2000\/svg\"><path d=\"M256 8C119.033 8 8 119.033 8 256s111.033 248 248 248 248-111.033 248-248S392.967 8 256 8zm80 248c0 44.112-35.888 80-80 80s-80-35.888-80-80 35.888-80 80-80 80 35.888 80 80z\"><\/path><\/svg>\t\t\t\t\t\t<\/span>\n\t\t\t\t\t\t\t\t\t\t<span class=\"elementor-icon-list-text\">Soutenir la recherche et l'\u00e9ducation des \u00e9tudiants des \u00e9coles du Coll\u00e8ge Sainte-Anne et des quatre universit\u00e9s de Montr\u00e9al.<\/span>\n\t\t\t\t\t\t\t\t\t<\/li>\n\t\t\t\t\t\t\t\t<li class=\"elementor-icon-list-item\">\n\t\t\t\t\t\t\t\t\t\t\t<span class=\"elementor-icon-list-icon\">\n\t\t\t\t\t\t\t<svg aria-hidden=\"true\" class=\"e-font-icon-svg e-fas-dot-circle\" viewBox=\"0 0 512 512\" xmlns=\"http:\/\/www.w3.org\/2000\/svg\"><path d=\"M256 8C119.033 8 8 119.033 8 256s111.033 248 248 248 248-111.033 248-248S392.967 8 256 8zm80 248c0 44.112-35.888 80-80 80s-80-35.888-80-80 35.888-80 80-80 80 35.888 80 80z\"><\/path><\/svg>\t\t\t\t\t\t<\/span>\n\t\t\t\t\t\t\t\t\t\t<span class=\"elementor-icon-list-text\">\u00c9laborer et promouvoir des solutions et des mod\u00e8les \u00e9prouv\u00e9s pour la restauration des plans d'eau urbanis\u00e9s \u00e0 travers le Canada.<\/span>\n\t\t\t\t\t\t\t\t\t<\/li>\n\t\t\t\t\t\t<\/ul>\n\t\t\t\t\t\t<\/div>\n\t\t\t\t<\/div>\n\t\t\t\t<div class=\"elementor-element elementor-element-db9cb91 elementor-widget elementor-widget-image\" data-id=\"db9cb91\" data-element_type=\"widget\" data-e-type=\"widget\" data-widget_type=\"image.default\">\n\t\t\t\t\t\t\t\t\t\t\t\t\t\t\t<img decoding=\"async\" width=\"740\" height=\"957\" src=\"https:\/\/fondationruisseaubouchard.org\/wp-content\/uploads\/2025\/05\/BOUCHARD_Stationnement.jpg\" class=\"attachment-large size-large wp-image-392\" alt=\"\" srcset=\"https:\/\/fondationruisseaubouchard.org\/wp-content\/uploads\/2025\/05\/BOUCHARD_Stationnement.jpg 740w, https:\/\/fondationruisseaubouchard.org\/wp-content\/uploads\/2025\/05\/BOUCHARD_Stationnement-232x300.jpg 232w\" sizes=\"(max-width: 740px) 100vw, 740px\" \/>\t\t\t\t\t\t\t\t\t\t\t\t\t\t\t<\/div>\n\t\t\t\t<\/div>\n\t\t\t\t\t<\/div>\n\t\t\t\t<\/div>\n\t\t<div class=\"elementor-element elementor-element-732a4b2 e-flex e-con-boxed e-con e-parent\" data-id=\"732a4b2\" data-element_type=\"container\" data-e-type=\"container\">\n\t\t\t\t\t<div class=\"e-con-inner\">\n\t\t\t\t<div class=\"elementor-element elementor-element-d8db59c elementor-widget elementor-widget-image\" data-id=\"d8db59c\" data-element_type=\"widget\" data-e-type=\"widget\" data-widget_type=\"image.default\">\n\t\t\t\t\t\t\t\t\t\t\t\t\t\t\t<img decoding=\"async\" width=\"923\" height=\"514\" src=\"https:\/\/fondationruisseaubouchard.org\/wp-content\/uploads\/2025\/05\/Screenshot-2025-05-25-192637.png\" class=\"attachment-full size-full wp-image-440\" alt=\"\" srcset=\"https:\/\/fondationruisseaubouchard.org\/wp-content\/uploads\/2025\/05\/Screenshot-2025-05-25-192637.png 923w, https:\/\/fondationruisseaubouchard.org\/wp-content\/uploads\/2025\/05\/Screenshot-2025-05-25-192637-300x167.png 300w, https:\/\/fondationruisseaubouchard.org\/wp-content\/uploads\/2025\/05\/Screenshot-2025-05-25-192637-768x428.png 768w\" sizes=\"(max-width: 923px) 100vw, 923px\" \/>\t\t\t\t\t\t\t\t\t\t\t\t\t\t\t<\/div>\n\t\t\t\t\t<\/div>\n\t\t\t\t<\/div>\n\t\t<div class=\"elementor-element elementor-element-6fabf8b e-flex e-con-boxed e-con e-parent\" data-id=\"6fabf8b\" data-element_type=\"container\" data-e-type=\"container\">\n\t\t\t\t\t<div class=\"e-con-inner\">\n\t\t\t\t<div class=\"elementor-element elementor-element-012114b elementor-widget elementor-widget-text-editor\" data-id=\"012114b\" data-element_type=\"widget\" data-e-type=\"widget\" data-widget_type=\"text-editor.default\">\n\t\t\t\t\t\t\t\t\t<p>Pour prot\u00e9ger le ruisseau Bouchard sur cette propri\u00e9t\u00e9, il faut une zone de conservation d\u00e9di\u00e9e (zone riveraine) de 60 m de large sur toute la longueur du ruisseau (environ 3 ha). Cette largeur est n\u00e9cessaire pour :<\/p>\t\t\t\t\t\t\t\t<\/div>\n\t\t\t\t<div class=\"elementor-element elementor-element-3c72b4a elementor-icon-list--layout-traditional elementor-list-item-link-full_width elementor-widget elementor-widget-icon-list\" data-id=\"3c72b4a\" data-element_type=\"widget\" data-e-type=\"widget\" data-widget_type=\"icon-list.default\">\n\t\t\t\t\t\t\t<ul class=\"elementor-icon-list-items\">\n\t\t\t\t\t\t\t<li class=\"elementor-icon-list-item\">\n\t\t\t\t\t\t\t\t\t\t\t<span class=\"elementor-icon-list-icon\">\n\t\t\t\t\t\t\t<svg aria-hidden=\"true\" class=\"e-font-icon-svg e-fas-dot-circle\" viewBox=\"0 0 512 512\" xmlns=\"http:\/\/www.w3.org\/2000\/svg\"><path d=\"M256 8C119.033 8 8 119.033 8 256s111.033 248 248 248 248-111.033 248-248S392.967 8 256 8zm80 248c0 44.112-35.888 80-80 80s-80-35.888-80-80 35.888-80 80-80 80 35.888 80 80z\"><\/path><\/svg>\t\t\t\t\t\t<\/span>\n\t\t\t\t\t\t\t\t\t\t<span class=\"elementor-icon-list-text\">Permettre un \u00e9coulement naturel gr\u00e2ce \u00e0 des caract\u00e9ristiques de variabilit\u00e9 et d'a\u00e9ration r\u00e9sistantes aux inondations.<\/span>\n\t\t\t\t\t\t\t\t\t<\/li>\n\t\t\t\t\t\t\t\t<li class=\"elementor-icon-list-item\">\n\t\t\t\t\t\t\t\t\t\t\t<span class=\"elementor-icon-list-icon\">\n\t\t\t\t\t\t\t<svg aria-hidden=\"true\" class=\"e-font-icon-svg e-fas-dot-circle\" viewBox=\"0 0 512 512\" xmlns=\"http:\/\/www.w3.org\/2000\/svg\"><path d=\"M256 8C119.033 8 8 119.033 8 256s111.033 248 248 248 248-111.033 248-248S392.967 8 256 8zm80 248c0 44.112-35.888 80-80 80s-80-35.888-80-80 35.888-80 80-80 80 35.888 80 80z\"><\/path><\/svg>\t\t\t\t\t\t<\/span>\n\t\t\t\t\t\t\t\t\t\t<span class=\"elementor-icon-list-text\">Espaces verts et remblais pour assurer la stabilit\u00e9, la r\u00e9silience, le filtrage naturel et les habitats<\/span>\n\t\t\t\t\t\t\t\t\t<\/li>\n\t\t\t\t\t\t\t\t<li class=\"elementor-icon-list-item\">\n\t\t\t\t\t\t\t\t\t\t\t<span class=\"elementor-icon-list-icon\">\n\t\t\t\t\t\t\t<svg aria-hidden=\"true\" class=\"e-font-icon-svg e-fas-dot-circle\" viewBox=\"0 0 512 512\" xmlns=\"http:\/\/www.w3.org\/2000\/svg\"><path d=\"M256 8C119.033 8 8 119.033 8 256s111.033 248 248 248 248-111.033 248-248S392.967 8 256 8zm80 248c0 44.112-35.888 80-80 80s-80-35.888-80-80 35.888-80 80-80 80 35.888 80 80z\"><\/path><\/svg>\t\t\t\t\t\t<\/span>\n\t\t\t\t\t\t\t\t\t\t<span class=\"elementor-icon-list-text\">Chemin polyvalent pour permettre l'acc\u00e8s public<\/span>\n\t\t\t\t\t\t\t\t\t<\/li>\n\t\t\t\t\t\t<\/ul>\n\t\t\t\t\t\t<\/div>\n\t\t\t\t<div class=\"elementor-element elementor-element-bb40af0 elementor-widget elementor-widget-text-editor\" data-id=\"bb40af0\" data-element_type=\"widget\" data-e-type=\"widget\" data-widget_type=\"text-editor.default\">\n\t\t\t\t\t\t\t\t\t<p>Afin d&rsquo;assurer la protection permanente du ruisseau, ces 3 hectares de terrain devraient \u00eatre arpent\u00e9s et cr\u00e9\u00e9s en tant que lot distinct dans le cadastre du Qu\u00e9bec, puis plac\u00e9s sous une fiducie de conservation fonci\u00e8re. Cela pourrait offrir des avantages fiscaux importants au propri\u00e9taire actuel et \u00e0 la fiducie de conservation qui lui succ\u00e9dera. Sinon, si le propri\u00e9taire actuel insiste pour conserver la totalit\u00e9 de la propri\u00e9t\u00e9, cette partie pourrait \u00eatre plac\u00e9e sous une servitude de conservation afin d&rsquo;offrir une certaine protection et des \u00e9conomies d&rsquo;imp\u00f4t r\u00e9duites.<\/p>\t\t\t\t\t\t\t\t<\/div>\n\t\t\t\t<div class=\"elementor-element elementor-element-68e22b4 elementor-widget elementor-widget-text-editor\" data-id=\"68e22b4\" data-element_type=\"widget\" data-e-type=\"widget\" data-widget_type=\"text-editor.default\">\n\t\t\t\t\t\t\t\t\t<p><img loading=\"lazy\" decoding=\"async\" class=\"size-medium wp-image-41071 alignright\" src=\"https:\/\/fondationruisseaubouchard.org\/wp-content\/uploads\/2025\/09\/details-of-200-Bouchard-233x300.png\" alt=\"\" width=\"233\" height=\"300\" srcset=\"https:\/\/fondationruisseaubouchard.org\/wp-content\/uploads\/2025\/09\/details-of-200-Bouchard-233x300.png 233w, https:\/\/fondationruisseaubouchard.org\/wp-content\/uploads\/2025\/09\/details-of-200-Bouchard.png 750w\" sizes=\"(max-width: 233px) 100vw, 233px\" \/><\/p><p>Num\u00e9ro cadastral du Qu\u00e9bec 01 524 200<\/p><p>532,32<br \/>78414 m**2 = &lt;8 h ou &lt;20 acres<\/p><p>Date de r\u00e9f\u00e9rence du contrat : 2018-07-01<br \/>Valeur du terrain : 15 682 800 $<br \/>Valeur du b\u00e2timent : 61 357 200 $<br \/>Valeur du b\u00e2timent : 77 040 000 $ INR<\/p><p>Commercial 3,1118 \/100 Plus de 2 000 000 $ = 2,4 M$<br \/>INR Industriel 3,3812\/100 Plus de 3 000 000 $ = 2,6 M$<\/p><p><img loading=\"lazy\" decoding=\"async\" class=\"size-medium wp-image-167 alignright\" src=\"https:\/\/fondationruisseaubouchard.org\/wp-content\/uploads\/2025\/05\/BPR3-300x206.png\" alt=\"\" width=\"300\" height=\"206\" srcset=\"https:\/\/fondationruisseaubouchard.org\/wp-content\/uploads\/2025\/05\/BPR3-300x206.png 300w, https:\/\/fondationruisseaubouchard.org\/wp-content\/uploads\/2025\/05\/BPR3.png 674w\" sizes=\"(max-width: 300px) 100vw, 300px\" \/>Cat\u00e9gorie et classe du b\u00e2timent aux fins de l&rsquo;application des taux d&rsquo;imposition : Classe non r\u00e9sidentielle 10<br \/>Ann\u00e9e de construction : 1966<br \/>Fa\u00e7ade : 219,84 m<br \/>Num\u00e9ro de lot : 1524200<br \/>Num\u00e9ro de matricule : 8733-07-8992-3-000-0000<br \/>Usage pr\u00e9dominant : Immeuble \u00e0 bureaux<br \/>Num\u00e9ro d&rsquo;unit\u00e9 de quartier : 61<br \/>Num\u00e9ro de dossier : 6 &#8211; F00430000<\/p>\t\t\t\t\t\t\t\t<\/div>\n\t\t\t\t\t<\/div>\n\t\t\t\t<\/div>\n\t\t<div class=\"elementor-element elementor-element-82eb88b e-flex e-con-boxed e-con e-parent\" data-id=\"82eb88b\" data-element_type=\"container\" data-e-type=\"container\">\n\t\t\t\t\t<div class=\"e-con-inner\">\n\t\t\t\t<div class=\"elementor-element elementor-element-118ec89 elementor-widget__width-inherit elementor-widget elementor-widget-heading\" data-id=\"118ec89\" data-element_type=\"widget\" data-e-type=\"widget\" data-widget_type=\"heading.default\">\n\t\t\t\t\t<h2 class=\"elementor-heading-title elementor-size-default\">Recommandations de l'Universit\u00e9 McGill sur l'\u00e9clairage naturel 200 Bouchard<\/h2>\t\t\t\t<\/div>\n\t\t\t\t<div class=\"elementor-element elementor-element-f46ec68 elementor-widget elementor-widget-text-editor\" data-id=\"f46ec68\" data-element_type=\"widget\" data-e-type=\"widget\" data-widget_type=\"text-editor.default\">\n\t\t\t\t\t\t\t\t\t<p>Le ruisseau Bouchard est bord\u00e9 par des zones urbaines, des installations a\u00e9roportuaires et de nombreux b\u00e2timents et parkings. Une m\u00e9thode permettant de restaurer le ruisseau Bouchard pour lui redonner un aspect plus proche de son apparence historique consiste \u00e0 mettre en \u0153uvre un processus appel\u00e9 \u00ab mise \u00e0 ciel ouvert \u00bb. Cela implique de d\u00e9couvrir et de rediriger les sections du ruisseau qui ont \u00e9t\u00e9 d\u00e9tourn\u00e9es vers des canalisations et rectifi\u00e9es afin qu&rsquo;il redevienne plus ouvert et sinueux. Lorsque ce processus est bien con\u00e7u et ex\u00e9cut\u00e9, il est possible d&rsquo;augmenter la capacit\u00e9 d&rsquo;absorption des eaux pluviales du ruisseau, r\u00e9duisant ainsi les d\u00e9bits de pointe pendant les temp\u00eates et renfor\u00e7ant la r\u00e9silience aux inondations des zones environnantes. Le ralentissement du d\u00e9bit des eaux pluviales contribue \u00e9galement \u00e0 \u00e9liminer les polluants en leur permettant de se d\u00e9poser ou en les filtrant \u00e0 travers les plantes et les s\u00e9diments (<a href=\"https:\/\/nrcsolutions.org\/\">https:\/\/nrcsolutions.org\/<\/a>).<\/p><p>La remise \u00e0 ciel ouvert est b\u00e9n\u00e9fique tant pour la vie humaine que pour la vie aquatique. Ce processus est efficace sur le plan \u00e9conomique et \u00e9cologique : sur le plan \u00e9cologique, il permet au cours d&rsquo;eau de retrouver un \u00e9tat moins perturb\u00e9. D&rsquo;un point de vue \u00e9conomique, la remise \u00e0 ciel ouvert peut \u00e9galement am\u00e9liorer la valeur des propri\u00e9t\u00e9s et des commerces situ\u00e9s autour du ruisseau en le transformant en un espace plus esth\u00e9tique.<\/p>\t\t\t\t\t\t\t\t<\/div>\n\t\t\t\t\t<\/div>\n\t\t\t\t<\/div>\n\t\t\t\t<\/div>\n\t\t","protected":false},"excerpt":{"rendered":"<p>200 Bouchard Il s&rsquo;agit du plus long tron\u00e7on souterrain du ruisseau Bouchard pouvant \u00eatre remis \u00e0 ciel ouvert. Le cours d&rsquo;eau principal du ruisseau Bouchard s&rsquo;\u00e9coule sur 500 m\u00e8tres \u00e0 travers cette propri\u00e9t\u00e9, enti\u00e8rement dans des conduites souterraines, sous un am\u00e9nagement paysager gazonn\u00e9 et un stationnement pav\u00e9. Ce terrain municipal appartient \u00e0 H&amp;R REIT et&hellip;<\/p>\n","protected":false},"author":1,"featured_media":731,"parent":0,"menu_order":0,"comment_status":"closed","ping_status":"closed","template":"","meta":{"footnotes":""},"class_list":["post-42719","page","type-page","status-publish","has-post-thumbnail","hentry"],"_links":{"self":[{"href":"https:\/\/fondationruisseaubouchard.org\/fr\/wp-json\/wp\/v2\/pages\/42719","targetHints":{"allow":["GET"]}}],"collection":[{"href":"https:\/\/fondationruisseaubouchard.org\/fr\/wp-json\/wp\/v2\/pages"}],"about":[{"href":"https:\/\/fondationruisseaubouchard.org\/fr\/wp-json\/wp\/v2\/types\/page"}],"author":[{"embeddable":true,"href":"https:\/\/fondationruisseaubouchard.org\/fr\/wp-json\/wp\/v2\/users\/1"}],"replies":[{"embeddable":true,"href":"https:\/\/fondationruisseaubouchard.org\/fr\/wp-json\/wp\/v2\/comments?post=42719"}],"version-history":[{"count":16,"href":"https:\/\/fondationruisseaubouchard.org\/fr\/wp-json\/wp\/v2\/pages\/42719\/revisions"}],"predecessor-version":[{"id":43470,"href":"https:\/\/fondationruisseaubouchard.org\/fr\/wp-json\/wp\/v2\/pages\/42719\/revisions\/43470"}],"wp:featuredmedia":[{"embeddable":true,"href":"https:\/\/fondationruisseaubouchard.org\/fr\/wp-json\/wp\/v2\/media\/731"}],"wp:attachment":[{"href":"https:\/\/fondationruisseaubouchard.org\/fr\/wp-json\/wp\/v2\/media?parent=42719"}],"curies":[{"name":"wp","href":"https:\/\/api.w.org\/{rel}","templated":true}]}}