{"id":42089,"date":"2025-06-18T18:12:03","date_gmt":"2025-06-18T18:12:03","guid":{"rendered":"https:\/\/fondationruisseaubouchard.org\/education\/"},"modified":"2026-02-24T19:11:29","modified_gmt":"2026-02-24T19:11:29","slug":"education","status":"publish","type":"page","link":"https:\/\/fondationruisseaubouchard.org\/fr\/education\/","title":{"rendered":"\u00c9ducation"},"content":{"rendered":"\t\t<div data-elementor-type=\"wp-page\" data-elementor-id=\"42089\" class=\"elementor elementor-42089 elementor-580\" data-elementor-post-type=\"page\">\n\t\t\t\t<div class=\"elementor-element elementor-element-59f1a90 e-flex e-con-boxed e-con e-parent\" data-id=\"59f1a90\" data-element_type=\"container\" data-e-type=\"container\">\n\t\t\t\t\t<div class=\"e-con-inner\">\n\t\t\t\t<div class=\"elementor-element elementor-element-15cf002 elementor-widget elementor-widget-heading\" data-id=\"15cf002\" data-element_type=\"widget\" data-e-type=\"widget\" data-widget_type=\"heading.default\">\n\t\t\t\t\t<h1 class=\"elementor-heading-title elementor-size-default\">\u00c9ducation<\/h1>\t\t\t\t<\/div>\n\t\t<div class=\"elementor-element elementor-element-3afe5e5 e-con-full e-flex e-con e-child\" data-id=\"3afe5e5\" data-element_type=\"container\" data-e-type=\"container\">\n\t\t\t\t<div class=\"elementor-element elementor-element-97f93b9 elementor-widget__width-initial elementor-widget-laptop__width-initial elementor-widget-tablet_extra__width-initial elementor-widget-tablet__width-initial elementor-widget elementor-widget-text-editor\" data-id=\"97f93b9\" data-element_type=\"widget\" data-e-type=\"widget\" data-widget_type=\"text-editor.default\">\n\t\t\t\t\t\t\t\t\t<p>Le ruisseau Bouchard est un excellent laboratoire ext\u00e9rieur pour l&rsquo;apprentissage, en toutes saisons. Plusieurs endroits le long du ruisseau se pr\u00eatent \u00e0 diverses activit\u00e9s : nettoyages, \u00e9tudes sur le terrain en sciences environnementales, flore, faune, macroinvert\u00e9br\u00e9s, poissons et oiseaux, ou activit\u00e9s en classe. Gr\u00e2ce \u00e0 notre partenaire GRAME, de nombreuses ressources sont disponibles pour mener \u00e0 bien ces activit\u00e9s.<\/p>\t\t\t\t\t\t\t\t<\/div>\n\t\t\t\t<div class=\"elementor-element elementor-element-32ca9cf elementor-widget elementor-widget-image\" data-id=\"32ca9cf\" data-element_type=\"widget\" data-e-type=\"widget\" data-widget_type=\"image.default\">\n\t\t\t\t\t\t\t\t\t\t\t\t\t\t\t<img fetchpriority=\"high\" decoding=\"async\" width=\"1024\" height=\"654\" src=\"https:\/\/fondationruisseaubouchard.org\/wp-content\/uploads\/2025\/11\/20210414_163215-1024x654.jpg\" class=\"attachment-large size-large wp-image-41922\" alt=\"\" srcset=\"https:\/\/fondationruisseaubouchard.org\/wp-content\/uploads\/2025\/11\/20210414_163215-1024x654.jpg 1024w, https:\/\/fondationruisseaubouchard.org\/wp-content\/uploads\/2025\/11\/20210414_163215-300x192.jpg 300w, https:\/\/fondationruisseaubouchard.org\/wp-content\/uploads\/2025\/11\/20210414_163215-768x491.jpg 768w, https:\/\/fondationruisseaubouchard.org\/wp-content\/uploads\/2025\/11\/20210414_163215-1536x982.jpg 1536w, https:\/\/fondationruisseaubouchard.org\/wp-content\/uploads\/2025\/11\/20210414_163215-2048x1309.jpg 2048w\" sizes=\"(max-width: 1024px) 100vw, 1024px\" \/>\t\t\t\t\t\t\t\t\t\t\t\t\t\t\t<\/div>\n\t\t\t\t<\/div>\n\t\t\t\t\t<\/div>\n\t\t\t\t<\/div>\n\t\t<div class=\"elementor-element elementor-element-49ef235 e-flex e-con-boxed e-con e-parent\" data-id=\"49ef235\" data-element_type=\"container\" data-e-type=\"container\">\n\t\t\t\t\t<div class=\"e-con-inner\">\n\t\t\t\t<div class=\"elementor-element elementor-element-ae38899 elementor-widget elementor-widget-text-editor\" data-id=\"ae38899\" data-element_type=\"widget\" data-e-type=\"widget\" data-widget_type=\"text-editor.default\">\n\t\t\t\t\t\t\t\t\t<h4 style=\"text-align: center;\"><span style=\"color: #333399;\">D\u00e9couvrez nos <a href=\"https:\/\/fondationruisseaubouchard.org\/fr\/educateurs\/\"><span style=\"color: #008000;\">ressources<\/span> <\/a>pour les enseignants<\/span><\/h4><p>Gr\u00e2ce \u00e0 ses activit\u00e9s, GRAME aide les g\u00e9n\u00e9rations futures \u00e0 apprendre \u00e0 adopter des comportements respectueux de l&rsquo;environnement et \u00e0 d\u00e9velopper leur conscience environnementale \u00e0 travers une s\u00e9rie de programmes et d&rsquo;activit\u00e9s destin\u00e9s aux \u00e9l\u00e8ves de maternelle, d&rsquo;\u00e9cole primaire et de lyc\u00e9e.<\/p>\t\t\t\t\t\t\t\t<\/div>\n\t\t<div class=\"elementor-element elementor-element-46c016f e-con-full e-flex e-con e-child\" data-id=\"46c016f\" data-element_type=\"container\" data-e-type=\"container\">\n\t\t\t\t<div class=\"elementor-element elementor-element-366a160 elementor-align-justify elementor-widget-mobile__width-inherit elementor-invisible elementor-widget elementor-widget-the7_button_widget\" data-id=\"366a160\" data-element_type=\"widget\" data-e-type=\"widget\" data-settings=\"{&quot;_animation&quot;:&quot;fadeInUp&quot;,&quot;_animation_delay&quot;:750}\" data-widget_type=\"the7_button_widget.default\">\n\t\t\t\t<div class=\"elementor-widget-container\">\n\t\t\t\t\t<div class=\"elementor-button-wrapper\"><a href=\"https:\/\/grame.org\/services-en-education\/\" target=\"_blank\" class=\"box-button elementor-button elementor-size-xl\">En savoir plus<svg aria-hidden=\"true\" class=\"elementor-button-icon e-font-icon-svg e-fas-arrow-circle-right\" viewBox=\"0 0 512 512\" xmlns=\"http:\/\/www.w3.org\/2000\/svg\"><path d=\"M256 8c137 0 248 111 248 248S393 504 256 504 8 393 8 256 119 8 256 8zm-28.9 143.6l75.5 72.4H120c-13.3 0-24 10.7-24 24v16c0 13.3 10.7 24 24 24h182.6l-75.5 72.4c-9.7 9.3-9.9 24.8-.4 34.3l11 10.9c9.4 9.4 24.6 9.4 33.9 0L404.3 273c9.4-9.4 9.4-24.6 0-33.9L271.6 106.3c-9.4-9.4-24.6-9.4-33.9 0l-11 10.9c-9.5 9.6-9.3 25.1.4 34.4z\"><\/path><\/svg><\/a><\/div>\t\t\t\t<\/div>\n\t\t\t\t<\/div>\n\t\t\t\t<div class=\"elementor-element elementor-element-a6427e0 elementor-align-justify elementor-widget-mobile__width-inherit elementor-invisible elementor-widget elementor-widget-the7_button_widget\" data-id=\"a6427e0\" data-element_type=\"widget\" data-e-type=\"widget\" data-settings=\"{&quot;_animation&quot;:&quot;fadeInUp&quot;,&quot;_animation_delay&quot;:750}\" data-widget_type=\"the7_button_widget.default\">\n\t\t\t\t<div class=\"elementor-widget-container\">\n\t\t\t\t\t<div class=\"elementor-button-wrapper\"><a href=\"https:\/\/fondationruisseaubouchard.org\/fr\/benevoles\/\" class=\"box-button elementor-button elementor-size-xl\">B\u00e9n\u00e9volat<svg aria-hidden=\"true\" class=\"elementor-button-icon e-font-icon-svg e-fas-arrow-circle-right\" viewBox=\"0 0 512 512\" xmlns=\"http:\/\/www.w3.org\/2000\/svg\"><path d=\"M256 8c137 0 248 111 248 248S393 504 256 504 8 393 8 256 119 8 256 8zm-28.9 143.6l75.5 72.4H120c-13.3 0-24 10.7-24 24v16c0 13.3 10.7 24 24 24h182.6l-75.5 72.4c-9.7 9.3-9.9 24.8-.4 34.3l11 10.9c9.4 9.4 24.6 9.4 33.9 0L404.3 273c9.4-9.4 9.4-24.6 0-33.9L271.6 106.3c-9.4-9.4-24.6-9.4-33.9 0l-11 10.9c-9.5 9.6-9.3 25.1.4 34.4z\"><\/path><\/svg><\/a><\/div>\t\t\t\t<\/div>\n\t\t\t\t<\/div>\n\t\t\t\t<\/div>\n\t\t\t\t\t<\/div>\n\t\t\t\t<\/div>\n\t\t\t\t<\/div>\n\t\t","protected":false},"excerpt":{"rendered":"<p>\u00c9ducation Le ruisseau Bouchard est un excellent laboratoire ext\u00e9rieur pour l&rsquo;apprentissage, en toutes saisons. Plusieurs endroits le long du ruisseau se pr\u00eatent \u00e0 diverses activit\u00e9s : nettoyages, \u00e9tudes sur le terrain en sciences environnementales, flore, faune, macroinvert\u00e9br\u00e9s, poissons et oiseaux, ou activit\u00e9s en classe. Gr\u00e2ce \u00e0 notre partenaire GRAME, de nombreuses ressources sont disponibles pour&hellip;<\/p>\n","protected":false},"author":1,"featured_media":0,"parent":0,"menu_order":0,"comment_status":"closed","ping_status":"closed","template":"","meta":{"footnotes":""},"class_list":["post-42089","page","type-page","status-publish","hentry"],"_links":{"self":[{"href":"https:\/\/fondationruisseaubouchard.org\/fr\/wp-json\/wp\/v2\/pages\/42089","targetHints":{"allow":["GET"]}}],"collection":[{"href":"https:\/\/fondationruisseaubouchard.org\/fr\/wp-json\/wp\/v2\/pages"}],"about":[{"href":"https:\/\/fondationruisseaubouchard.org\/fr\/wp-json\/wp\/v2\/types\/page"}],"author":[{"embeddable":true,"href":"https:\/\/fondationruisseaubouchard.org\/fr\/wp-json\/wp\/v2\/users\/1"}],"replies":[{"embeddable":true,"href":"https:\/\/fondationruisseaubouchard.org\/fr\/wp-json\/wp\/v2\/comments?post=42089"}],"version-history":[{"count":8,"href":"https:\/\/fondationruisseaubouchard.org\/fr\/wp-json\/wp\/v2\/pages\/42089\/revisions"}],"predecessor-version":[{"id":43993,"href":"https:\/\/fondationruisseaubouchard.org\/fr\/wp-json\/wp\/v2\/pages\/42089\/revisions\/43993"}],"wp:attachment":[{"href":"https:\/\/fondationruisseaubouchard.org\/fr\/wp-json\/wp\/v2\/media?parent=42089"}],"curies":[{"name":"wp","href":"https:\/\/api.w.org\/{rel}","templated":true}]}}